{"id":73958,"date":"2015-05-28T14:54:07","date_gmt":"2015-05-28T13:54:07","guid":{"rendered":"http:\/\/structure.thememove.com\/?page_id=73958"},"modified":"2022-08-28T16:22:57","modified_gmt":"2022-08-28T15:22:57","slug":"a-propos-de-nous","status":"publish","type":"page","link":"https:\/\/georgeandjerrycm.com\/fr\/a-propos-de-nous\/","title":{"rendered":"A Propos De Nous"},"content":{"rendered":"\t\t<div data-elementor-type=\"wp-page\" data-elementor-id=\"73958\" class=\"elementor elementor-73958\">\n\t\t\t\t\t\t<section class=\"elementor-section elementor-top-section elementor-element elementor-element-3b27538 elementor-section-height-min-height elementor-section-boxed elementor-section-height-default elementor-section-items-middle\" data-id=\"3b27538\" data-element_type=\"section\" data-e-type=\"section\" data-settings=\"{&quot;background_background&quot;:&quot;classic&quot;}\">\n\t\t\t\t\t\t\t<div class=\"elementor-background-overlay\"><\/div>\n\t\t\t\t\t\t\t<div class=\"elementor-container elementor-column-gap-default\">\n\t\t\t\t\t<div class=\"elementor-column elementor-col-100 elementor-top-column elementor-element elementor-element-563a997\" data-id=\"563a997\" data-element_type=\"column\" data-e-type=\"column\">\n\t\t\t<div class=\"elementor-widget-wrap elementor-element-populated\">\n\t\t\t\t\t\t<div class=\"elementor-element elementor-element-f148c6d elementor-widget elementor-widget-heading\" data-id=\"f148c6d\" data-element_type=\"widget\" data-e-type=\"widget\" data-widget_type=\"heading.default\">\n\t\t\t\t<div class=\"elementor-widget-container\">\n\t\t\t\t\t<h1 class=\"elementor-heading-title elementor-size-default\">A PROPOS DE NOUS<\/h1>\t\t\t\t<\/div>\n\t\t\t\t<\/div>\n\t\t\t\t\t<\/div>\n\t\t<\/div>\n\t\t\t\t\t<\/div>\n\t\t<\/section>\n\t\t\t\t<section class=\"elementor-section elementor-top-section elementor-element elementor-element-4dbc255 animated-slow elementor-section-boxed elementor-section-height-default elementor-section-height-default\" data-id=\"4dbc255\" data-element_type=\"section\" data-e-type=\"section\" data-settings=\"{&quot;animation&quot;:&quot;none&quot;,&quot;animation_delay&quot;:1500}\">\n\t\t\t\t\t\t<div class=\"elementor-container elementor-column-gap-default\">\n\t\t\t\t\t<div class=\"elementor-column elementor-col-100 elementor-top-column elementor-element elementor-element-5f5af3e\" data-id=\"5f5af3e\" data-element_type=\"column\" data-e-type=\"column\">\n\t\t\t<div class=\"elementor-widget-wrap elementor-element-populated\">\n\t\t\t\t\t\t<div class=\"elementor-element elementor-element-ec061ff elementor-widget elementor-widget-heading\" data-id=\"ec061ff\" data-element_type=\"widget\" data-e-type=\"widget\" data-widget_type=\"heading.default\">\n\t\t\t\t<div class=\"elementor-widget-container\">\n\t\t\t\t\t<h2 class=\"elementor-heading-title elementor-size-default\">Qui Nous Sommes<\/h2>\t\t\t\t<\/div>\n\t\t\t\t<\/div>\n\t\t\t\t<div class=\"elementor-element elementor-element-b2c0682 elementor-widget-divider--view-line elementor-widget elementor-widget-divider\" data-id=\"b2c0682\" data-element_type=\"widget\" data-e-type=\"widget\" data-widget_type=\"divider.default\">\n\t\t\t\t<div class=\"elementor-widget-container\">\n\t\t\t\t\t\t\t<div class=\"elementor-divider\">\n\t\t\t<span class=\"elementor-divider-separator\">\n\t\t\t\t\t\t<\/span>\n\t\t<\/div>\n\t\t\t\t\t\t<\/div>\n\t\t\t\t<\/div>\n\t\t\t\t<div class=\"elementor-element elementor-element-7b6b42b elementor-widget elementor-widget-text-editor\" data-id=\"7b6b42b\" data-element_type=\"widget\" data-e-type=\"widget\" data-widget_type=\"text-editor.default\">\n\t\t\t\t<div class=\"elementor-widget-container\">\n\t\t\t\t\t\t\t\t\t<p>GEORGE AND JERRY CONSTRUCTION COMPANY LIMITED ci-apr\u00e8s d\u00e9nomm\u00e9e G&amp;J Co.Ltd a \u00e9t\u00e9 cr\u00e9\u00e9e en F\u00e9vrier 2004 avec son si\u00e8ge social \u00e0 Buea, R\u00e9gion du Sud-Ouest du Cameroun. Nous sommes impliqu\u00e9s dans les projets de construction des b\u00e2timents, la construction et l&rsquo;entretien des routes, la location de mat\u00e9riel et fourniture de mat\u00e9riaux, les travaux de g\u00e9nie civil et les activit\u00e9s connexes de toutes sortes telles que la r\u00e9habilitation de b\u00e2timents, de ponts et de routes dans le monde entier.\u00a0<\/p><p>Nous sommes une \u00e9quipe extr\u00eamement comp\u00e9tente, avec environ 20 ans d&rsquo;exp\u00e9rience dans l&rsquo;industrie de la construction et les tendances en mati\u00e8re de construction. Nous sommes passionn\u00e9s par la r\u00e9alisation de projets, l&rsquo;acquisition et le maintien de bonnes relations d&rsquo;affaires avec nos partenaires et clients.<\/p><p>Avec un personnel bien form\u00e9, flexible et exp\u00e9riment\u00e9 qui se consacre \u00e0 apporter son expertise et ses ressources pour une soci\u00e9t\u00e9 mondiale meilleure, l&rsquo;entreprise a gagn\u00e9 la confiance du gouvernement et une r\u00e9putation irr\u00e9prochable aupr\u00e8s d&rsquo;entreprises telles que\u00a0; PNUD, OMS, CDC, CamWater, SOGEA-SATOM, RAZEL CAMEROUN, SPIECAPAG SUCCURSALE CAMEROUN, DENYS CONSTRUCTION, WARTSILA CENTRAL AFRICA \u2026<\/p>\t\t\t\t\t\t\t\t<\/div>\n\t\t\t\t<\/div>\n\t\t\t\t\t<\/div>\n\t\t<\/div>\n\t\t\t\t\t<\/div>\n\t\t<\/section>\n\t\t\t\t<section class=\"elementor-section elementor-top-section elementor-element elementor-element-809e325 animated-slow elementor-section-boxed elementor-section-height-default elementor-section-height-default\" data-id=\"809e325\" data-element_type=\"section\" data-e-type=\"section\" data-settings=\"{&quot;shape_divider_bottom&quot;:&quot;opacity-fan&quot;,&quot;animation&quot;:&quot;none&quot;,&quot;animation_delay&quot;:1500}\">\n\t\t\t\t\t<div class=\"elementor-shape elementor-shape-bottom\" aria-hidden=\"true\" data-negative=\"false\">\n\t\t\t<svg xmlns=\"http:\/\/www.w3.org\/2000\/svg\" viewBox=\"0 0 283.5 19.6\" preserveAspectRatio=\"none\">\n\t<path class=\"elementor-shape-fill\" style=\"opacity:0.33\" d=\"M0 0L0 18.8 141.8 4.1 283.5 18.8 283.5 0z\"\/>\n\t<path class=\"elementor-shape-fill\" style=\"opacity:0.33\" d=\"M0 0L0 12.6 141.8 4 283.5 12.6 283.5 0z\"\/>\n\t<path class=\"elementor-shape-fill\" style=\"opacity:0.33\" d=\"M0 0L0 6.4 141.8 4 283.5 6.4 283.5 0z\"\/>\n\t<path class=\"elementor-shape-fill\" d=\"M0 0L0 1.2 141.8 4 283.5 1.2 283.5 0z\"\/>\n<\/svg>\t\t<\/div>\n\t\t\t\t\t<div class=\"elementor-container elementor-column-gap-default\">\n\t\t\t\t\t<div class=\"elementor-column elementor-col-100 elementor-top-column elementor-element elementor-element-9aff829\" data-id=\"9aff829\" data-element_type=\"column\" data-e-type=\"column\">\n\t\t\t<div class=\"elementor-widget-wrap elementor-element-populated\">\n\t\t\t\t\t\t<div class=\"elementor-element elementor-element-ef1f784 elementor-widget elementor-widget-heading\" data-id=\"ef1f784\" data-element_type=\"widget\" data-e-type=\"widget\" data-widget_type=\"heading.default\">\n\t\t\t\t<div class=\"elementor-widget-container\">\n\t\t\t\t\t<h2 class=\"elementor-heading-title elementor-size-default\">Notre Vision et Nos Valeurs<\/h2>\t\t\t\t<\/div>\n\t\t\t\t<\/div>\n\t\t\t\t<div class=\"elementor-element elementor-element-f39ecf0 elementor-widget-divider--view-line elementor-widget elementor-widget-divider\" data-id=\"f39ecf0\" data-element_type=\"widget\" data-e-type=\"widget\" data-widget_type=\"divider.default\">\n\t\t\t\t<div class=\"elementor-widget-container\">\n\t\t\t\t\t\t\t<div class=\"elementor-divider\">\n\t\t\t<span class=\"elementor-divider-separator\">\n\t\t\t\t\t\t<\/span>\n\t\t<\/div>\n\t\t\t\t\t\t<\/div>\n\t\t\t\t<\/div>\n\t\t\t\t<div class=\"elementor-element elementor-element-3a22da4 elementor-widget elementor-widget-text-editor\" data-id=\"3a22da4\" data-element_type=\"widget\" data-e-type=\"widget\" data-widget_type=\"text-editor.default\">\n\t\t\t\t<div class=\"elementor-widget-container\">\n\t\t\t\t\t\t\t\t\t<p>George and Jerry est plus que un Groupe d&rsquo;ing\u00e9nierie: c&rsquo;est une aventure humaine, une equipe pragmatique qui met les expertises au service d&rsquo;une \u00e9poque et ses besoins.<\/p><p>Notre Groupe f\u00e9d\u00e8re les hommes et les femmes qui vont permettre une maitrise transversale, un engagement concret pour mener des projets avec rigueur, r\u00e9activit\u00e9 et r\u00e9ussite.<\/p><h2 style=\"text-align: center;\"><span style=\"text-decoration: underline;\"><span style=\"color: #000080; text-decoration: underline;\">NOS VALEURS<\/span><\/span><\/h2><p>D\u00e9livrer une r\u00e9ponse aussi rapide que qualitative : C&rsquo;est notre d\u00e9fi du quotidien, constat\u00e9 par chacun de nos clients depuis des d\u00e9cennies.<\/p><p>Pour notre d\u00e9veloppement durable, GEORGE AND JERRY deploie une politique d&rsquo;un syst\u00e8me de management qui sont fonder sur les normes internationaux ISO 9001-2018 et ISO 45001-2015<\/p><p>La sant\u00e9 et la s\u00e9curit\u00e9 sont plac\u00e9es au premier rang de nos priorit\u00e9<\/p>\t\t\t\t\t\t\t\t<\/div>\n\t\t\t\t<\/div>\n\t\t\t\t\t<\/div>\n\t\t<\/div>\n\t\t\t\t\t<\/div>\n\t\t<\/section>\n\t\t\t\t<section class=\"elementor-section elementor-top-section elementor-element elementor-element-30a49c7 animated-slow elementor-section-boxed elementor-section-height-default elementor-section-height-default\" data-id=\"30a49c7\" data-element_type=\"section\" data-e-type=\"section\" data-settings=\"{&quot;shape_divider_top&quot;:&quot;opacity-fan&quot;,&quot;animation&quot;:&quot;none&quot;,&quot;animation_delay&quot;:2000}\">\n\t\t\t\t\t<div class=\"elementor-shape elementor-shape-top\" aria-hidden=\"true\" data-negative=\"false\">\n\t\t\t<svg xmlns=\"http:\/\/www.w3.org\/2000\/svg\" viewBox=\"0 0 283.5 19.6\" preserveAspectRatio=\"none\">\n\t<path class=\"elementor-shape-fill\" style=\"opacity:0.33\" d=\"M0 0L0 18.8 141.8 4.1 283.5 18.8 283.5 0z\"\/>\n\t<path class=\"elementor-shape-fill\" style=\"opacity:0.33\" d=\"M0 0L0 12.6 141.8 4 283.5 12.6 283.5 0z\"\/>\n\t<path class=\"elementor-shape-fill\" style=\"opacity:0.33\" d=\"M0 0L0 6.4 141.8 4 283.5 6.4 283.5 0z\"\/>\n\t<path class=\"elementor-shape-fill\" d=\"M0 0L0 1.2 141.8 4 283.5 1.2 283.5 0z\"\/>\n<\/svg>\t\t<\/div>\n\t\t\t\t\t<div class=\"elementor-container elementor-column-gap-default\">\n\t\t\t\t\t<div class=\"elementor-column elementor-col-100 elementor-top-column elementor-element elementor-element-b0417b1\" data-id=\"b0417b1\" data-element_type=\"column\" data-e-type=\"column\">\n\t\t\t<div class=\"elementor-widget-wrap elementor-element-populated\">\n\t\t\t\t\t\t<div class=\"elementor-element elementor-element-32d9dd6 elementor-widget elementor-widget-heading\" data-id=\"32d9dd6\" data-element_type=\"widget\" data-e-type=\"widget\" data-widget_type=\"heading.default\">\n\t\t\t\t<div class=\"elementor-widget-container\">\n\t\t\t\t\t<h2 class=\"elementor-heading-title elementor-size-default\">Ce Que Nous Faisons<\/h2>\t\t\t\t<\/div>\n\t\t\t\t<\/div>\n\t\t\t\t<div class=\"elementor-element elementor-element-884d281 elementor-widget-divider--view-line elementor-widget elementor-widget-divider\" data-id=\"884d281\" data-element_type=\"widget\" data-e-type=\"widget\" data-widget_type=\"divider.default\">\n\t\t\t\t<div class=\"elementor-widget-container\">\n\t\t\t\t\t\t\t<div class=\"elementor-divider\">\n\t\t\t<span class=\"elementor-divider-separator\">\n\t\t\t\t\t\t<\/span>\n\t\t<\/div>\n\t\t\t\t\t\t<\/div>\n\t\t\t\t<\/div>\n\t\t\t\t<div class=\"elementor-element elementor-element-bd163e0 elementor-widget elementor-widget-text-editor\" data-id=\"bd163e0\" data-element_type=\"widget\" data-e-type=\"widget\" data-widget_type=\"text-editor.default\">\n\t\t\t\t<div class=\"elementor-widget-container\">\n\t\t\t\t\t\t\t\t\t<p>George and Jerry Co. Ltd trouve ses racines en 2004 \u00e0 Buea et depuis lors, n&rsquo;a jamais regard\u00e9 en arri\u00e8re. Avec des milliers de projets r\u00e9ussis \u00e0 notre actif, nous pouvons dire avec fiert\u00e9 que nous sommes l&rsquo;une des entreprises de construction les plus fiables au Cameroun, effectuant des travaux de construction nationaux et internationaux.<\/p>\t\t\t\t\t\t\t\t<\/div>\n\t\t\t\t<\/div>\n\t\t\t\t<div class=\"elementor-element elementor-element-2a61abb elementor-arrows-position-inside elementor-widget elementor-widget-image-carousel\" data-id=\"2a61abb\" data-element_type=\"widget\" data-e-type=\"widget\" data-settings=\"{&quot;slides_to_show&quot;:&quot;3&quot;,&quot;navigation&quot;:&quot;arrows&quot;,&quot;autoplay&quot;:&quot;yes&quot;,&quot;pause_on_hover&quot;:&quot;yes&quot;,&quot;pause_on_interaction&quot;:&quot;yes&quot;,&quot;autoplay_speed&quot;:5000,&quot;infinite&quot;:&quot;yes&quot;,&quot;speed&quot;:500}\" data-widget_type=\"image-carousel.default\">\n\t\t\t\t<div class=\"elementor-widget-container\">\n\t\t\t\t\t\t\t<div class=\"elementor-image-carousel-wrapper swiper\" role=\"region\" aria-roledescription=\"carousel\" aria-label=\"Carrousel d\u2019images\" dir=\"ltr\">\n\t\t\t<div class=\"elementor-image-carousel swiper-wrapper\" aria-live=\"off\">\n\t\t\t\t\t\t\t\t<div class=\"swiper-slide\" role=\"group\" aria-roledescription=\"slide\" aria-label=\"1 sur 6\"><figure class=\"swiper-slide-inner\"><img decoding=\"async\" class=\"swiper-slide-image\" src=\"https:\/\/georgeandjerrycm.com\/fr\/wp-content\/uploads\/2022\/07\/Installation-of-160KVA-Transformer.jpg\" alt=\"Installation of 160KVA Transformer\" \/><\/figure><\/div><div class=\"swiper-slide\" role=\"group\" aria-roledescription=\"slide\" aria-label=\"2 sur 6\"><figure class=\"swiper-slide-inner\"><img decoding=\"async\" class=\"swiper-slide-image\" src=\"https:\/\/georgeandjerrycm.com\/fr\/wp-content\/uploads\/2022\/07\/DSC05389.jpg\" alt=\"DSC05389\" \/><\/figure><\/div><div class=\"swiper-slide\" role=\"group\" aria-roledescription=\"slide\" aria-label=\"3 sur 6\"><figure class=\"swiper-slide-inner\"><img decoding=\"async\" class=\"swiper-slide-image\" src=\"https:\/\/georgeandjerrycm.com\/fr\/wp-content\/uploads\/2022\/07\/Construction-of-a-water-reservoir.jpeg\" alt=\"Construction of a water reservoir\" \/><\/figure><\/div><div class=\"swiper-slide\" role=\"group\" aria-roledescription=\"slide\" aria-label=\"4 sur 6\"><figure class=\"swiper-slide-inner\"><img decoding=\"async\" class=\"swiper-slide-image\" src=\"https:\/\/georgeandjerrycm.com\/fr\/wp-content\/uploads\/2022\/07\/Construction-of-a-gas-transport-system.jpg\" alt=\"Construction of a gas transport system\" \/><\/figure><\/div><div class=\"swiper-slide\" role=\"group\" aria-roledescription=\"slide\" aria-label=\"5 sur 6\"><figure class=\"swiper-slide-inner\"><img decoding=\"async\" class=\"swiper-slide-image\" src=\"https:\/\/georgeandjerrycm.com\/fr\/wp-content\/uploads\/2022\/07\/Construction-of-a-building.jpg\" alt=\"Construction of a building\" \/><\/figure><\/div><div class=\"swiper-slide\" role=\"group\" aria-roledescription=\"slide\" aria-label=\"6 sur 6\"><figure class=\"swiper-slide-inner\"><img decoding=\"async\" class=\"swiper-slide-image\" src=\"https:\/\/georgeandjerrycm.com\/fr\/wp-content\/uploads\/2022\/07\/land-excavation-near-me.jpg\" alt=\"land excavation near me\" \/><\/figure><\/div>\t\t\t<\/div>\n\t\t\t\t\t\t\t\t\t\t\t\t<div class=\"elementor-swiper-button elementor-swiper-button-prev\" role=\"button\" tabindex=\"0\">\n\t\t\t\t\t\t<i aria-hidden=\"true\" class=\"eicon-chevron-left\"><\/i>\t\t\t\t\t<\/div>\n\t\t\t\t\t<div class=\"elementor-swiper-button elementor-swiper-button-next\" role=\"button\" tabindex=\"0\">\n\t\t\t\t\t\t<i aria-hidden=\"true\" class=\"eicon-chevron-right\"><\/i>\t\t\t\t\t<\/div>\n\t\t\t\t\n\t\t\t\t\t\t\t\t\t<\/div>\n\t\t\t\t\t\t<\/div>\n\t\t\t\t<\/div>\n\t\t\t\t\t<\/div>\n\t\t<\/div>\n\t\t\t\t\t<\/div>\n\t\t<\/section>\n\t\t\t\t<\/div>\n\t\t","protected":false},"excerpt":{"rendered":"<p>A PROPOS DE NOUS Qui Nous Sommes GEORGE AND JERRY CONSTRUCTION COMPANY LIMITED ci-apr\u00e8s d\u00e9nomm\u00e9e G&amp;J Co.Ltd a \u00e9t\u00e9 cr\u00e9\u00e9e en F\u00e9vrier 2004 avec son si\u00e8ge social \u00e0 Buea, R\u00e9gion du Sud-Ouest du Cameroun. Nous sommes impliqu\u00e9s dans les projets de construction des b\u00e2timents, la construction et l&rsquo;entretien des routes, la location de mat\u00e9riel et [&hellip;]<\/p>\n","protected":false},"author":3,"featured_media":0,"parent":0,"menu_order":0,"comment_status":"closed","ping_status":"closed","template":"","meta":{"rs_blank_template":"","rs_page_bg_color":"","slide_template_v7":"","footnotes":""},"class_list":["post-73958","page","type-page","status-publish","hentry"],"yoast_head":"<!-- This site is optimized with the Yoast SEO plugin v27.5 - https:\/\/yoast.com\/product\/yoast-seo-wordpress\/ -->\n<title>A Propos De Nous - GEORGE and JERRY CO. LTD<\/title>\n<meta name=\"robots\" content=\"index, follow, max-snippet:-1, max-image-preview:large, max-video-preview:-1\" \/>\n<link rel=\"canonical\" href=\"https:\/\/georgeandjerrycm.com\/fr\/a-propos-de-nous\/\" \/>\n<meta property=\"og:locale\" content=\"fr_FR\" \/>\n<meta property=\"og:type\" content=\"article\" \/>\n<meta property=\"og:title\" content=\"A Propos De Nous - GEORGE and JERRY CO. LTD\" \/>\n<meta property=\"og:description\" content=\"A PROPOS DE NOUS Qui Nous Sommes GEORGE AND JERRY CONSTRUCTION COMPANY LIMITED ci-apr\u00e8s d\u00e9nomm\u00e9e G&amp;J Co.Ltd a \u00e9t\u00e9 cr\u00e9\u00e9e en F\u00e9vrier 2004 avec son si\u00e8ge social \u00e0 Buea, R\u00e9gion du Sud-Ouest du Cameroun. Nous sommes impliqu\u00e9s dans les projets de construction des b\u00e2timents, la construction et l&rsquo;entretien des routes, la location de mat\u00e9riel et [&hellip;]\" \/>\n<meta property=\"og:url\" content=\"https:\/\/georgeandjerrycm.com\/fr\/a-propos-de-nous\/\" \/>\n<meta property=\"og:site_name\" content=\"GEORGE and JERRY CO. LTD\" \/>\n<meta property=\"article:publisher\" content=\"https:\/\/web.facebook.com\/georgejerrycm\" \/>\n<meta property=\"article:modified_time\" content=\"2022-08-28T15:22:57+00:00\" \/>\n<meta property=\"og:image\" content=\"https:\/\/georgeandjerrycm.com\/fr\/wp-content\/uploads\/2022\/07\/Installation-of-160KVA-Transformer.jpg\" \/>\n<meta name=\"twitter:card\" content=\"summary_large_image\" \/>\n<meta name=\"twitter:label1\" content=\"Dur\u00e9e de lecture estim\u00e9e\" \/>\n\t<meta name=\"twitter:data1\" content=\"5 minutes\" \/>\n<script type=\"application\/ld+json\" class=\"yoast-schema-graph\">{\"@context\":\"https:\\\/\\\/schema.org\",\"@graph\":[{\"@type\":\"WebPage\",\"@id\":\"https:\\\/\\\/georgeandjerrycm.com\\\/fr\\\/a-propos-de-nous\\\/\",\"url\":\"https:\\\/\\\/georgeandjerrycm.com\\\/fr\\\/a-propos-de-nous\\\/\",\"name\":\"A Propos De Nous - GEORGE and JERRY CO. LTD\",\"isPartOf\":{\"@id\":\"https:\\\/\\\/georgeandjerrycm.com\\\/fr\\\/#website\"},\"primaryImageOfPage\":{\"@id\":\"https:\\\/\\\/georgeandjerrycm.com\\\/fr\\\/a-propos-de-nous\\\/#primaryimage\"},\"image\":{\"@id\":\"https:\\\/\\\/georgeandjerrycm.com\\\/fr\\\/a-propos-de-nous\\\/#primaryimage\"},\"thumbnailUrl\":\"https:\\\/\\\/georgeandjerrycm.com\\\/fr\\\/wp-content\\\/uploads\\\/2022\\\/07\\\/Installation-of-160KVA-Transformer.jpg\",\"datePublished\":\"2015-05-28T13:54:07+00:00\",\"dateModified\":\"2022-08-28T15:22:57+00:00\",\"breadcrumb\":{\"@id\":\"https:\\\/\\\/georgeandjerrycm.com\\\/fr\\\/a-propos-de-nous\\\/#breadcrumb\"},\"inLanguage\":\"fr-FR\",\"potentialAction\":[{\"@type\":\"ReadAction\",\"target\":[\"https:\\\/\\\/georgeandjerrycm.com\\\/fr\\\/a-propos-de-nous\\\/\"]}]},{\"@type\":\"ImageObject\",\"inLanguage\":\"fr-FR\",\"@id\":\"https:\\\/\\\/georgeandjerrycm.com\\\/fr\\\/a-propos-de-nous\\\/#primaryimage\",\"url\":\"https:\\\/\\\/georgeandjerrycm.com\\\/fr\\\/wp-content\\\/uploads\\\/2022\\\/07\\\/Installation-of-160KVA-Transformer.jpg\",\"contentUrl\":\"https:\\\/\\\/georgeandjerrycm.com\\\/fr\\\/wp-content\\\/uploads\\\/2022\\\/07\\\/Installation-of-160KVA-Transformer.jpg\",\"width\":2100,\"height\":1080},{\"@type\":\"BreadcrumbList\",\"@id\":\"https:\\\/\\\/georgeandjerrycm.com\\\/fr\\\/a-propos-de-nous\\\/#breadcrumb\",\"itemListElement\":[{\"@type\":\"ListItem\",\"position\":1,\"name\":\"ACCUEIL\",\"item\":\"https:\\\/\\\/georgeandjerrycm.com\\\/fr\\\/\"},{\"@type\":\"ListItem\",\"position\":2,\"name\":\"A Propos De Nous\"}]},{\"@type\":\"WebSite\",\"@id\":\"https:\\\/\\\/georgeandjerrycm.com\\\/fr\\\/#website\",\"url\":\"https:\\\/\\\/georgeandjerrycm.com\\\/fr\\\/\",\"name\":\"GEORGE and JERRY CO. LTD\",\"description\":\"Pour la qualit\u00e9 de vos travaux de construction...\",\"publisher\":{\"@id\":\"https:\\\/\\\/georgeandjerrycm.com\\\/fr\\\/#organization\"},\"potentialAction\":[{\"@type\":\"SearchAction\",\"target\":{\"@type\":\"EntryPoint\",\"urlTemplate\":\"https:\\\/\\\/georgeandjerrycm.com\\\/fr\\\/?s={search_term_string}\"},\"query-input\":{\"@type\":\"PropertyValueSpecification\",\"valueRequired\":true,\"valueName\":\"search_term_string\"}}],\"inLanguage\":\"fr-FR\"},{\"@type\":\"Organization\",\"@id\":\"https:\\\/\\\/georgeandjerrycm.com\\\/fr\\\/#organization\",\"name\":\"GEORGE and JERRY CO. LTD\",\"url\":\"https:\\\/\\\/georgeandjerrycm.com\\\/fr\\\/\",\"logo\":{\"@type\":\"ImageObject\",\"inLanguage\":\"fr-FR\",\"@id\":\"https:\\\/\\\/georgeandjerrycm.com\\\/fr\\\/#\\\/schema\\\/logo\\\/image\\\/\",\"url\":\"https:\\\/\\\/georgeandjerrycm.com\\\/fr\\\/wp-content\\\/uploads\\\/2019\\\/11\\\/LOGO-GJ-TRANSPARENT-BG-e1574417641761.png\",\"contentUrl\":\"https:\\\/\\\/georgeandjerrycm.com\\\/fr\\\/wp-content\\\/uploads\\\/2019\\\/11\\\/LOGO-GJ-TRANSPARENT-BG-e1574417641761.png\",\"width\":300,\"height\":169,\"caption\":\"GEORGE and JERRY CO. LTD\"},\"image\":{\"@id\":\"https:\\\/\\\/georgeandjerrycm.com\\\/fr\\\/#\\\/schema\\\/logo\\\/image\\\/\"},\"sameAs\":[\"https:\\\/\\\/web.facebook.com\\\/georgejerrycm\",\"https:\\\/\\\/www.linkedin.com\\\/company\\\/george-jerry-construction-company-ltd\\\/\"]}]}<\/script>\n<!-- \/ Yoast SEO plugin. -->","yoast_head_json":{"title":"A Propos De Nous - GEORGE and JERRY CO. LTD","robots":{"index":"index","follow":"follow","max-snippet":"max-snippet:-1","max-image-preview":"max-image-preview:large","max-video-preview":"max-video-preview:-1"},"canonical":"https:\/\/georgeandjerrycm.com\/fr\/a-propos-de-nous\/","og_locale":"fr_FR","og_type":"article","og_title":"A Propos De Nous - GEORGE and JERRY CO. LTD","og_description":"A PROPOS DE NOUS Qui Nous Sommes GEORGE AND JERRY CONSTRUCTION COMPANY LIMITED ci-apr\u00e8s d\u00e9nomm\u00e9e G&amp;J Co.Ltd a \u00e9t\u00e9 cr\u00e9\u00e9e en F\u00e9vrier 2004 avec son si\u00e8ge social \u00e0 Buea, R\u00e9gion du Sud-Ouest du Cameroun. Nous sommes impliqu\u00e9s dans les projets de construction des b\u00e2timents, la construction et l&rsquo;entretien des routes, la location de mat\u00e9riel et [&hellip;]","og_url":"https:\/\/georgeandjerrycm.com\/fr\/a-propos-de-nous\/","og_site_name":"GEORGE and JERRY CO. LTD","article_publisher":"https:\/\/web.facebook.com\/georgejerrycm","article_modified_time":"2022-08-28T15:22:57+00:00","og_image":[{"url":"https:\/\/georgeandjerrycm.com\/fr\/wp-content\/uploads\/2022\/07\/Installation-of-160KVA-Transformer.jpg","type":"","width":"","height":""}],"twitter_card":"summary_large_image","twitter_misc":{"Dur\u00e9e de lecture estim\u00e9e":"5 minutes"},"schema":{"@context":"https:\/\/schema.org","@graph":[{"@type":"WebPage","@id":"https:\/\/georgeandjerrycm.com\/fr\/a-propos-de-nous\/","url":"https:\/\/georgeandjerrycm.com\/fr\/a-propos-de-nous\/","name":"A Propos De Nous - GEORGE and JERRY CO. LTD","isPartOf":{"@id":"https:\/\/georgeandjerrycm.com\/fr\/#website"},"primaryImageOfPage":{"@id":"https:\/\/georgeandjerrycm.com\/fr\/a-propos-de-nous\/#primaryimage"},"image":{"@id":"https:\/\/georgeandjerrycm.com\/fr\/a-propos-de-nous\/#primaryimage"},"thumbnailUrl":"https:\/\/georgeandjerrycm.com\/fr\/wp-content\/uploads\/2022\/07\/Installation-of-160KVA-Transformer.jpg","datePublished":"2015-05-28T13:54:07+00:00","dateModified":"2022-08-28T15:22:57+00:00","breadcrumb":{"@id":"https:\/\/georgeandjerrycm.com\/fr\/a-propos-de-nous\/#breadcrumb"},"inLanguage":"fr-FR","potentialAction":[{"@type":"ReadAction","target":["https:\/\/georgeandjerrycm.com\/fr\/a-propos-de-nous\/"]}]},{"@type":"ImageObject","inLanguage":"fr-FR","@id":"https:\/\/georgeandjerrycm.com\/fr\/a-propos-de-nous\/#primaryimage","url":"https:\/\/georgeandjerrycm.com\/fr\/wp-content\/uploads\/2022\/07\/Installation-of-160KVA-Transformer.jpg","contentUrl":"https:\/\/georgeandjerrycm.com\/fr\/wp-content\/uploads\/2022\/07\/Installation-of-160KVA-Transformer.jpg","width":2100,"height":1080},{"@type":"BreadcrumbList","@id":"https:\/\/georgeandjerrycm.com\/fr\/a-propos-de-nous\/#breadcrumb","itemListElement":[{"@type":"ListItem","position":1,"name":"ACCUEIL","item":"https:\/\/georgeandjerrycm.com\/fr\/"},{"@type":"ListItem","position":2,"name":"A Propos De Nous"}]},{"@type":"WebSite","@id":"https:\/\/georgeandjerrycm.com\/fr\/#website","url":"https:\/\/georgeandjerrycm.com\/fr\/","name":"GEORGE and JERRY CO. LTD","description":"Pour la qualit\u00e9 de vos travaux de construction...","publisher":{"@id":"https:\/\/georgeandjerrycm.com\/fr\/#organization"},"potentialAction":[{"@type":"SearchAction","target":{"@type":"EntryPoint","urlTemplate":"https:\/\/georgeandjerrycm.com\/fr\/?s={search_term_string}"},"query-input":{"@type":"PropertyValueSpecification","valueRequired":true,"valueName":"search_term_string"}}],"inLanguage":"fr-FR"},{"@type":"Organization","@id":"https:\/\/georgeandjerrycm.com\/fr\/#organization","name":"GEORGE and JERRY CO. LTD","url":"https:\/\/georgeandjerrycm.com\/fr\/","logo":{"@type":"ImageObject","inLanguage":"fr-FR","@id":"https:\/\/georgeandjerrycm.com\/fr\/#\/schema\/logo\/image\/","url":"https:\/\/georgeandjerrycm.com\/fr\/wp-content\/uploads\/2019\/11\/LOGO-GJ-TRANSPARENT-BG-e1574417641761.png","contentUrl":"https:\/\/georgeandjerrycm.com\/fr\/wp-content\/uploads\/2019\/11\/LOGO-GJ-TRANSPARENT-BG-e1574417641761.png","width":300,"height":169,"caption":"GEORGE and JERRY CO. LTD"},"image":{"@id":"https:\/\/georgeandjerrycm.com\/fr\/#\/schema\/logo\/image\/"},"sameAs":["https:\/\/web.facebook.com\/georgejerrycm","https:\/\/www.linkedin.com\/company\/george-jerry-construction-company-ltd\/"]}]}},"_links":{"self":[{"href":"https:\/\/georgeandjerrycm.com\/fr\/wp-json\/wp\/v2\/pages\/73958","targetHints":{"allow":["GET"]}}],"collection":[{"href":"https:\/\/georgeandjerrycm.com\/fr\/wp-json\/wp\/v2\/pages"}],"about":[{"href":"https:\/\/georgeandjerrycm.com\/fr\/wp-json\/wp\/v2\/types\/page"}],"author":[{"embeddable":true,"href":"https:\/\/georgeandjerrycm.com\/fr\/wp-json\/wp\/v2\/users\/3"}],"replies":[{"embeddable":true,"href":"https:\/\/georgeandjerrycm.com\/fr\/wp-json\/wp\/v2\/comments?post=73958"}],"version-history":[{"count":48,"href":"https:\/\/georgeandjerrycm.com\/fr\/wp-json\/wp\/v2\/pages\/73958\/revisions"}],"predecessor-version":[{"id":76311,"href":"https:\/\/georgeandjerrycm.com\/fr\/wp-json\/wp\/v2\/pages\/73958\/revisions\/76311"}],"wp:attachment":[{"href":"https:\/\/georgeandjerrycm.com\/fr\/wp-json\/wp\/v2\/media?parent=73958"}],"curies":[{"name":"wp","href":"https:\/\/api.w.org\/{rel}","templated":true}]}}