{"id":75971,"date":"2022-07-11T15:26:50","date_gmt":"2022-07-11T14:26:50","guid":{"rendered":"https:\/\/georgeandjerrycm.com\/fr\/?page_id=75971"},"modified":"2022-08-28T16:47:54","modified_gmt":"2022-08-28T15:47:54","slug":"batiments","status":"publish","type":"page","link":"https:\/\/georgeandjerrycm.com\/fr\/nos-services\/batiments\/","title":{"rendered":"B\u00e2timents"},"content":{"rendered":"\t\t<div data-elementor-type=\"wp-page\" data-elementor-id=\"75971\" class=\"elementor elementor-75971\">\n\t\t\t\t\t\t<section class=\"elementor-section elementor-top-section elementor-element elementor-element-50e3285f elementor-section-boxed elementor-section-height-default elementor-section-height-default\" data-id=\"50e3285f\" data-element_type=\"section\" data-e-type=\"section\" data-settings=\"{&quot;background_background&quot;:&quot;classic&quot;}\">\n\t\t\t\t\t\t<div class=\"elementor-container elementor-column-gap-default\">\n\t\t\t\t\t<div class=\"elementor-column elementor-col-100 elementor-top-column elementor-element elementor-element-41e256a7\" data-id=\"41e256a7\" data-element_type=\"column\" data-e-type=\"column\" data-settings=\"{&quot;background_background&quot;:&quot;classic&quot;}\">\n\t\t\t<div class=\"elementor-widget-wrap elementor-element-populated\">\n\t\t\t\t\t\t<div class=\"elementor-element elementor-element-52c7d274 elementor-widget elementor-widget-menu-anchor\" data-id=\"52c7d274\" data-element_type=\"widget\" data-e-type=\"widget\" data-widget_type=\"menu-anchor.default\">\n\t\t\t\t<div class=\"elementor-widget-container\">\n\t\t\t\t\t\t\t<div class=\"elementor-menu-anchor\" id=\"photography\"><\/div>\n\t\t\t\t\t\t<\/div>\n\t\t\t\t<\/div>\n\t\t\t\t<div class=\"elementor-element elementor-element-30da1f99 elementor-widget elementor-widget-heading\" data-id=\"30da1f99\" data-element_type=\"widget\" data-e-type=\"widget\" data-widget_type=\"heading.default\">\n\t\t\t\t<div class=\"elementor-widget-container\">\n\t\t\t\t\t<h2 class=\"elementor-heading-title elementor-size-default\">Buildings<\/h2>\t\t\t\t<\/div>\n\t\t\t\t<\/div>\n\t\t\t\t<div class=\"elementor-element elementor-element-168b2ac elementor-widget elementor-widget-text-editor\" data-id=\"168b2ac\" data-element_type=\"widget\" data-e-type=\"widget\" data-widget_type=\"text-editor.default\">\n\t\t\t\t<div class=\"elementor-widget-container\">\n\t\t\t\t\t\t\t\t\t<p>En partenariat avec le\u00a0<a href=\"https:\/\/minmap.cm\/\">Minist\u00e8re des March\u00e9s Publics<\/a>, les communes, les organisations internationales et les ONG locales, nous avons r\u00e9alis\u00e9 plusieurs structures de construction allant des \u00e9coles, des march\u00e9s, des h\u00f4pitaux et des bureaux. Que vous ayez besoin de; \u00e9tudes, un plan ou un b\u00e2timent entier, notre \u00e9quipe est toujours pr\u00eate \u00e0 r\u00e9pondre \u00e0 tous vos besoins dans le respect de votre budget, tout en respectant les d\u00e9lais et en assurant la qualit\u00e9. Nous nous distinguons dans tous nos services fournis et restons votre partenaire de r\u00eave pour la construction de b\u00e2timents extraordinaires. Notre approche \u00ab\u00a0conception, construction et maintenance\u00a0\u00bb offre une solution id\u00e9ale sur mesure pour satisfaire nos clients. Notre \u00e9quipe d&rsquo;experts assure \u00e9galement la r\u00e9alisation efficace de vos projets. Si vous avez vos plans et \u00eates pr\u00eat \u00e0 partir, nous pouvons intervenir et commencer. Nous sommes des constructeurs de haut gamme qui peuvent vraiment concr\u00e9tiser votre vision.<\/p>\t\t\t\t\t\t\t\t<\/div>\n\t\t\t\t<\/div>\n\t\t\t\t<div class=\"elementor-element elementor-element-460c0de4 elementor-align-center elementor-widget elementor-widget-button\" data-id=\"460c0de4\" data-element_type=\"widget\" data-e-type=\"widget\" data-widget_type=\"button.default\">\n\t\t\t\t<div class=\"elementor-widget-container\">\n\t\t\t\t\t\t\t\t\t<div class=\"elementor-button-wrapper\">\n\t\t\t\t\t<a class=\"elementor-button elementor-button-link elementor-size-lg elementor-animation-shrink\" href=\"https:\/\/georgeandjerrycm.com\/fr\/nous-contacter\/\">\n\t\t\t\t\t\t<span class=\"elementor-button-content-wrapper\">\n\t\t\t\t\t\t\t\t\t<span class=\"elementor-button-text\">NOUS CONTACTER<\/span>\n\t\t\t\t\t<\/span>\n\t\t\t\t\t<\/a>\n\t\t\t\t<\/div>\n\t\t\t\t\t\t\t\t<\/div>\n\t\t\t\t<\/div>\n\t\t\t\t\t<\/div>\n\t\t<\/div>\n\t\t\t\t\t<\/div>\n\t\t<\/section>\n\t\t\t\t<section class=\"elementor-section elementor-top-section elementor-element elementor-element-b5c85e3 elementor-section-boxed elementor-section-height-default elementor-section-height-default\" data-id=\"b5c85e3\" data-element_type=\"section\" data-e-type=\"section\" data-settings=\"{&quot;background_background&quot;:&quot;classic&quot;}\">\n\t\t\t\t\t\t<div class=\"elementor-container elementor-column-gap-default\">\n\t\t\t\t\t<div class=\"elementor-column elementor-col-100 elementor-top-column elementor-element elementor-element-1dd0545\" data-id=\"1dd0545\" data-element_type=\"column\" data-e-type=\"column\">\n\t\t\t<div class=\"elementor-widget-wrap elementor-element-populated\">\n\t\t\t\t\t\t<div class=\"elementor-element elementor-element-b3dc853 elementor-arrows-position-inside elementor-pagination-position-outside elementor-widget elementor-widget-image-carousel\" data-id=\"b3dc853\" data-element_type=\"widget\" data-e-type=\"widget\" data-settings=\"{&quot;slides_to_show&quot;:&quot;1&quot;,&quot;navigation&quot;:&quot;both&quot;,&quot;autoplay&quot;:&quot;yes&quot;,&quot;pause_on_hover&quot;:&quot;yes&quot;,&quot;pause_on_interaction&quot;:&quot;yes&quot;,&quot;autoplay_speed&quot;:5000,&quot;infinite&quot;:&quot;yes&quot;,&quot;effect&quot;:&quot;slide&quot;,&quot;speed&quot;:500}\" data-widget_type=\"image-carousel.default\">\n\t\t\t\t<div class=\"elementor-widget-container\">\n\t\t\t\t\t\t\t<div class=\"elementor-image-carousel-wrapper swiper\" role=\"region\" aria-roledescription=\"carousel\" aria-label=\"Carrousel d\u2019images\" dir=\"ltr\">\n\t\t\t<div class=\"elementor-image-carousel swiper-wrapper\" aria-live=\"off\">\n\t\t\t\t\t\t\t\t<div class=\"swiper-slide\" role=\"group\" aria-roledescription=\"slide\" aria-label=\"1 sur 3\"><figure class=\"swiper-slide-inner\"><img decoding=\"async\" class=\"swiper-slide-image\" src=\"https:\/\/georgeandjerrycm.com\/fr\/wp-content\/uploads\/2022\/08\/2-1170x600.jpg\" alt=\"2\" \/><\/figure><\/div><div class=\"swiper-slide\" role=\"group\" aria-roledescription=\"slide\" aria-label=\"2 sur 3\"><figure class=\"swiper-slide-inner\"><img decoding=\"async\" class=\"swiper-slide-image\" src=\"https:\/\/georgeandjerrycm.com\/fr\/wp-content\/uploads\/2022\/08\/1-1170x600.jpg\" alt=\"1\" \/><\/figure><\/div><div class=\"swiper-slide\" role=\"group\" aria-roledescription=\"slide\" aria-label=\"3 sur 3\"><figure class=\"swiper-slide-inner\"><img decoding=\"async\" class=\"swiper-slide-image\" src=\"https:\/\/georgeandjerrycm.com\/fr\/wp-content\/uploads\/2022\/08\/3-1170x600.jpg\" alt=\"3\" \/><\/figure><\/div>\t\t\t<\/div>\n\t\t\t\t\t\t\t\t\t\t\t\t<div class=\"elementor-swiper-button elementor-swiper-button-prev\" role=\"button\" tabindex=\"0\">\n\t\t\t\t\t\t<i aria-hidden=\"true\" class=\"eicon-chevron-left\"><\/i>\t\t\t\t\t<\/div>\n\t\t\t\t\t<div class=\"elementor-swiper-button elementor-swiper-button-next\" role=\"button\" tabindex=\"0\">\n\t\t\t\t\t\t<i aria-hidden=\"true\" class=\"eicon-chevron-right\"><\/i>\t\t\t\t\t<\/div>\n\t\t\t\t\n\t\t\t\t\t\t\t\t\t<div class=\"swiper-pagination\"><\/div>\n\t\t\t\t\t\t\t\t\t<\/div>\n\t\t\t\t\t\t<\/div>\n\t\t\t\t<\/div>\n\t\t\t\t\t<\/div>\n\t\t<\/div>\n\t\t\t\t\t<\/div>\n\t\t<\/section>\n\t\t\t\t<\/div>\n\t\t","protected":false},"excerpt":{"rendered":"<p>Buildings En partenariat avec le\u00a0Minist\u00e8re des March\u00e9s Publics, les communes, les organisations internationales et les ONG locales, nous avons r\u00e9alis\u00e9 plusieurs structures de construction allant des \u00e9coles, des march\u00e9s, des h\u00f4pitaux et des bureaux. Que vous ayez besoin de; \u00e9tudes, un plan ou un b\u00e2timent entier, notre \u00e9quipe est toujours pr\u00eate \u00e0 r\u00e9pondre \u00e0 tous [&hellip;]<\/p>\n","protected":false},"author":1,"featured_media":0,"parent":74231,"menu_order":0,"comment_status":"closed","ping_status":"closed","template":"","meta":{"rs_blank_template":"","rs_page_bg_color":"","slide_template_v7":"","footnotes":""},"class_list":["post-75971","page","type-page","status-publish","hentry"],"yoast_head":"<!-- This site is optimized with the Yoast SEO plugin v27.5 - https:\/\/yoast.com\/product\/yoast-seo-wordpress\/ -->\n<title>B\u00e2timents - GEORGE and JERRY CO. LTD<\/title>\n<meta name=\"robots\" content=\"index, follow, max-snippet:-1, max-image-preview:large, max-video-preview:-1\" \/>\n<link rel=\"canonical\" href=\"https:\/\/georgeandjerrycm.com\/fr\/nos-services\/batiments\/\" \/>\n<meta property=\"og:locale\" content=\"fr_FR\" \/>\n<meta property=\"og:type\" content=\"article\" \/>\n<meta property=\"og:title\" content=\"B\u00e2timents - GEORGE and JERRY CO. LTD\" \/>\n<meta property=\"og:description\" content=\"Buildings En partenariat avec le\u00a0Minist\u00e8re des March\u00e9s Publics, les communes, les organisations internationales et les ONG locales, nous avons r\u00e9alis\u00e9 plusieurs structures de construction allant des \u00e9coles, des march\u00e9s, des h\u00f4pitaux et des bureaux. Que vous ayez besoin de; \u00e9tudes, un plan ou un b\u00e2timent entier, notre \u00e9quipe est toujours pr\u00eate \u00e0 r\u00e9pondre \u00e0 tous [&hellip;]\" \/>\n<meta property=\"og:url\" content=\"https:\/\/georgeandjerrycm.com\/fr\/nos-services\/batiments\/\" \/>\n<meta property=\"og:site_name\" content=\"GEORGE and JERRY CO. LTD\" \/>\n<meta property=\"article:publisher\" content=\"https:\/\/web.facebook.com\/georgejerrycm\" \/>\n<meta property=\"article:modified_time\" content=\"2022-08-28T15:47:54+00:00\" \/>\n<meta property=\"og:image\" content=\"https:\/\/georgeandjerrycm.com\/fr\/wp-content\/uploads\/2022\/08\/2-1170x600.jpg\" \/>\n<meta name=\"twitter:card\" content=\"summary_large_image\" \/>\n<meta name=\"twitter:label1\" content=\"Dur\u00e9e de lecture estim\u00e9e\" \/>\n\t<meta name=\"twitter:data1\" content=\"2 minutes\" \/>\n<script type=\"application\/ld+json\" class=\"yoast-schema-graph\">{\"@context\":\"https:\\\/\\\/schema.org\",\"@graph\":[{\"@type\":\"WebPage\",\"@id\":\"https:\\\/\\\/georgeandjerrycm.com\\\/fr\\\/nos-services\\\/batiments\\\/\",\"url\":\"https:\\\/\\\/georgeandjerrycm.com\\\/fr\\\/nos-services\\\/batiments\\\/\",\"name\":\"B\u00e2timents - GEORGE and JERRY CO. LTD\",\"isPartOf\":{\"@id\":\"https:\\\/\\\/georgeandjerrycm.com\\\/fr\\\/#website\"},\"primaryImageOfPage\":{\"@id\":\"https:\\\/\\\/georgeandjerrycm.com\\\/fr\\\/nos-services\\\/batiments\\\/#primaryimage\"},\"image\":{\"@id\":\"https:\\\/\\\/georgeandjerrycm.com\\\/fr\\\/nos-services\\\/batiments\\\/#primaryimage\"},\"thumbnailUrl\":\"https:\\\/\\\/georgeandjerrycm.com\\\/fr\\\/wp-content\\\/uploads\\\/2022\\\/08\\\/2-1170x600.jpg\",\"datePublished\":\"2022-07-11T14:26:50+00:00\",\"dateModified\":\"2022-08-28T15:47:54+00:00\",\"breadcrumb\":{\"@id\":\"https:\\\/\\\/georgeandjerrycm.com\\\/fr\\\/nos-services\\\/batiments\\\/#breadcrumb\"},\"inLanguage\":\"fr-FR\",\"potentialAction\":[{\"@type\":\"ReadAction\",\"target\":[\"https:\\\/\\\/georgeandjerrycm.com\\\/fr\\\/nos-services\\\/batiments\\\/\"]}]},{\"@type\":\"ImageObject\",\"inLanguage\":\"fr-FR\",\"@id\":\"https:\\\/\\\/georgeandjerrycm.com\\\/fr\\\/nos-services\\\/batiments\\\/#primaryimage\",\"url\":\"https:\\\/\\\/georgeandjerrycm.com\\\/fr\\\/wp-content\\\/uploads\\\/2022\\\/08\\\/2.jpg\",\"contentUrl\":\"https:\\\/\\\/georgeandjerrycm.com\\\/fr\\\/wp-content\\\/uploads\\\/2022\\\/08\\\/2.jpg\",\"width\":2560,\"height\":1400},{\"@type\":\"BreadcrumbList\",\"@id\":\"https:\\\/\\\/georgeandjerrycm.com\\\/fr\\\/nos-services\\\/batiments\\\/#breadcrumb\",\"itemListElement\":[{\"@type\":\"ListItem\",\"position\":1,\"name\":\"ACCUEIL\",\"item\":\"https:\\\/\\\/georgeandjerrycm.com\\\/fr\\\/\"},{\"@type\":\"ListItem\",\"position\":2,\"name\":\"Nos Services\",\"item\":\"https:\\\/\\\/georgeandjerrycm.com\\\/fr\\\/nos-services\\\/\"},{\"@type\":\"ListItem\",\"position\":3,\"name\":\"B\u00e2timents\"}]},{\"@type\":\"WebSite\",\"@id\":\"https:\\\/\\\/georgeandjerrycm.com\\\/fr\\\/#website\",\"url\":\"https:\\\/\\\/georgeandjerrycm.com\\\/fr\\\/\",\"name\":\"GEORGE and JERRY CO. LTD\",\"description\":\"Pour la qualit\u00e9 de vos travaux de construction...\",\"publisher\":{\"@id\":\"https:\\\/\\\/georgeandjerrycm.com\\\/fr\\\/#organization\"},\"potentialAction\":[{\"@type\":\"SearchAction\",\"target\":{\"@type\":\"EntryPoint\",\"urlTemplate\":\"https:\\\/\\\/georgeandjerrycm.com\\\/fr\\\/?s={search_term_string}\"},\"query-input\":{\"@type\":\"PropertyValueSpecification\",\"valueRequired\":true,\"valueName\":\"search_term_string\"}}],\"inLanguage\":\"fr-FR\"},{\"@type\":\"Organization\",\"@id\":\"https:\\\/\\\/georgeandjerrycm.com\\\/fr\\\/#organization\",\"name\":\"GEORGE and JERRY CO. LTD\",\"url\":\"https:\\\/\\\/georgeandjerrycm.com\\\/fr\\\/\",\"logo\":{\"@type\":\"ImageObject\",\"inLanguage\":\"fr-FR\",\"@id\":\"https:\\\/\\\/georgeandjerrycm.com\\\/fr\\\/#\\\/schema\\\/logo\\\/image\\\/\",\"url\":\"https:\\\/\\\/georgeandjerrycm.com\\\/fr\\\/wp-content\\\/uploads\\\/2019\\\/11\\\/LOGO-GJ-TRANSPARENT-BG-e1574417641761.png\",\"contentUrl\":\"https:\\\/\\\/georgeandjerrycm.com\\\/fr\\\/wp-content\\\/uploads\\\/2019\\\/11\\\/LOGO-GJ-TRANSPARENT-BG-e1574417641761.png\",\"width\":300,\"height\":169,\"caption\":\"GEORGE and JERRY CO. LTD\"},\"image\":{\"@id\":\"https:\\\/\\\/georgeandjerrycm.com\\\/fr\\\/#\\\/schema\\\/logo\\\/image\\\/\"},\"sameAs\":[\"https:\\\/\\\/web.facebook.com\\\/georgejerrycm\",\"https:\\\/\\\/www.linkedin.com\\\/company\\\/george-jerry-construction-company-ltd\\\/\"]}]}<\/script>\n<!-- \/ Yoast SEO plugin. -->","yoast_head_json":{"title":"B\u00e2timents - GEORGE and JERRY CO. LTD","robots":{"index":"index","follow":"follow","max-snippet":"max-snippet:-1","max-image-preview":"max-image-preview:large","max-video-preview":"max-video-preview:-1"},"canonical":"https:\/\/georgeandjerrycm.com\/fr\/nos-services\/batiments\/","og_locale":"fr_FR","og_type":"article","og_title":"B\u00e2timents - GEORGE and JERRY CO. LTD","og_description":"Buildings En partenariat avec le\u00a0Minist\u00e8re des March\u00e9s Publics, les communes, les organisations internationales et les ONG locales, nous avons r\u00e9alis\u00e9 plusieurs structures de construction allant des \u00e9coles, des march\u00e9s, des h\u00f4pitaux et des bureaux. Que vous ayez besoin de; \u00e9tudes, un plan ou un b\u00e2timent entier, notre \u00e9quipe est toujours pr\u00eate \u00e0 r\u00e9pondre \u00e0 tous [&hellip;]","og_url":"https:\/\/georgeandjerrycm.com\/fr\/nos-services\/batiments\/","og_site_name":"GEORGE and JERRY CO. LTD","article_publisher":"https:\/\/web.facebook.com\/georgejerrycm","article_modified_time":"2022-08-28T15:47:54+00:00","og_image":[{"url":"https:\/\/georgeandjerrycm.com\/fr\/wp-content\/uploads\/2022\/08\/2-1170x600.jpg","type":"","width":"","height":""}],"twitter_card":"summary_large_image","twitter_misc":{"Dur\u00e9e de lecture estim\u00e9e":"2 minutes"},"schema":{"@context":"https:\/\/schema.org","@graph":[{"@type":"WebPage","@id":"https:\/\/georgeandjerrycm.com\/fr\/nos-services\/batiments\/","url":"https:\/\/georgeandjerrycm.com\/fr\/nos-services\/batiments\/","name":"B\u00e2timents - GEORGE and JERRY CO. LTD","isPartOf":{"@id":"https:\/\/georgeandjerrycm.com\/fr\/#website"},"primaryImageOfPage":{"@id":"https:\/\/georgeandjerrycm.com\/fr\/nos-services\/batiments\/#primaryimage"},"image":{"@id":"https:\/\/georgeandjerrycm.com\/fr\/nos-services\/batiments\/#primaryimage"},"thumbnailUrl":"https:\/\/georgeandjerrycm.com\/fr\/wp-content\/uploads\/2022\/08\/2-1170x600.jpg","datePublished":"2022-07-11T14:26:50+00:00","dateModified":"2022-08-28T15:47:54+00:00","breadcrumb":{"@id":"https:\/\/georgeandjerrycm.com\/fr\/nos-services\/batiments\/#breadcrumb"},"inLanguage":"fr-FR","potentialAction":[{"@type":"ReadAction","target":["https:\/\/georgeandjerrycm.com\/fr\/nos-services\/batiments\/"]}]},{"@type":"ImageObject","inLanguage":"fr-FR","@id":"https:\/\/georgeandjerrycm.com\/fr\/nos-services\/batiments\/#primaryimage","url":"https:\/\/georgeandjerrycm.com\/fr\/wp-content\/uploads\/2022\/08\/2.jpg","contentUrl":"https:\/\/georgeandjerrycm.com\/fr\/wp-content\/uploads\/2022\/08\/2.jpg","width":2560,"height":1400},{"@type":"BreadcrumbList","@id":"https:\/\/georgeandjerrycm.com\/fr\/nos-services\/batiments\/#breadcrumb","itemListElement":[{"@type":"ListItem","position":1,"name":"ACCUEIL","item":"https:\/\/georgeandjerrycm.com\/fr\/"},{"@type":"ListItem","position":2,"name":"Nos Services","item":"https:\/\/georgeandjerrycm.com\/fr\/nos-services\/"},{"@type":"ListItem","position":3,"name":"B\u00e2timents"}]},{"@type":"WebSite","@id":"https:\/\/georgeandjerrycm.com\/fr\/#website","url":"https:\/\/georgeandjerrycm.com\/fr\/","name":"GEORGE and JERRY CO. LTD","description":"Pour la qualit\u00e9 de vos travaux de construction...","publisher":{"@id":"https:\/\/georgeandjerrycm.com\/fr\/#organization"},"potentialAction":[{"@type":"SearchAction","target":{"@type":"EntryPoint","urlTemplate":"https:\/\/georgeandjerrycm.com\/fr\/?s={search_term_string}"},"query-input":{"@type":"PropertyValueSpecification","valueRequired":true,"valueName":"search_term_string"}}],"inLanguage":"fr-FR"},{"@type":"Organization","@id":"https:\/\/georgeandjerrycm.com\/fr\/#organization","name":"GEORGE and JERRY CO. LTD","url":"https:\/\/georgeandjerrycm.com\/fr\/","logo":{"@type":"ImageObject","inLanguage":"fr-FR","@id":"https:\/\/georgeandjerrycm.com\/fr\/#\/schema\/logo\/image\/","url":"https:\/\/georgeandjerrycm.com\/fr\/wp-content\/uploads\/2019\/11\/LOGO-GJ-TRANSPARENT-BG-e1574417641761.png","contentUrl":"https:\/\/georgeandjerrycm.com\/fr\/wp-content\/uploads\/2019\/11\/LOGO-GJ-TRANSPARENT-BG-e1574417641761.png","width":300,"height":169,"caption":"GEORGE and JERRY CO. LTD"},"image":{"@id":"https:\/\/georgeandjerrycm.com\/fr\/#\/schema\/logo\/image\/"},"sameAs":["https:\/\/web.facebook.com\/georgejerrycm","https:\/\/www.linkedin.com\/company\/george-jerry-construction-company-ltd\/"]}]}},"_links":{"self":[{"href":"https:\/\/georgeandjerrycm.com\/fr\/wp-json\/wp\/v2\/pages\/75971","targetHints":{"allow":["GET"]}}],"collection":[{"href":"https:\/\/georgeandjerrycm.com\/fr\/wp-json\/wp\/v2\/pages"}],"about":[{"href":"https:\/\/georgeandjerrycm.com\/fr\/wp-json\/wp\/v2\/types\/page"}],"author":[{"embeddable":true,"href":"https:\/\/georgeandjerrycm.com\/fr\/wp-json\/wp\/v2\/users\/1"}],"replies":[{"embeddable":true,"href":"https:\/\/georgeandjerrycm.com\/fr\/wp-json\/wp\/v2\/comments?post=75971"}],"version-history":[{"count":23,"href":"https:\/\/georgeandjerrycm.com\/fr\/wp-json\/wp\/v2\/pages\/75971\/revisions"}],"predecessor-version":[{"id":76323,"href":"https:\/\/georgeandjerrycm.com\/fr\/wp-json\/wp\/v2\/pages\/75971\/revisions\/76323"}],"up":[{"embeddable":true,"href":"https:\/\/georgeandjerrycm.com\/fr\/wp-json\/wp\/v2\/pages\/74231"}],"wp:attachment":[{"href":"https:\/\/georgeandjerrycm.com\/fr\/wp-json\/wp\/v2\/media?parent=75971"}],"curies":[{"name":"wp","href":"https:\/\/api.w.org\/{rel}","templated":true}]}}