{"id":75995,"date":"2022-07-11T18:22:41","date_gmt":"2022-07-11T17:22:41","guid":{"rendered":"https:\/\/georgeandjerrycm.com\/fr\/?page_id=75995"},"modified":"2022-08-28T18:14:15","modified_gmt":"2022-08-28T17:14:15","slug":"travaux-deau","status":"publish","type":"page","link":"https:\/\/georgeandjerrycm.com\/fr\/nos-services\/travaux-deau\/","title":{"rendered":"Travaux d&rsquo;Eau"},"content":{"rendered":"\t\t<div data-elementor-type=\"wp-page\" data-elementor-id=\"75995\" class=\"elementor elementor-75995\">\n\t\t\t\t\t\t<section class=\"elementor-section elementor-top-section elementor-element elementor-element-52dc652d elementor-section-boxed elementor-section-height-default elementor-section-height-default\" data-id=\"52dc652d\" data-element_type=\"section\" data-e-type=\"section\">\n\t\t\t\t\t\t<div class=\"elementor-container elementor-column-gap-default\">\n\t\t\t\t\t<div class=\"elementor-column elementor-col-100 elementor-top-column elementor-element elementor-element-5a4d3210\" data-id=\"5a4d3210\" data-element_type=\"column\" data-e-type=\"column\">\n\t\t\t<div class=\"elementor-widget-wrap elementor-element-populated\">\n\t\t\t\t\t\t<div class=\"elementor-element elementor-element-264bd53f elementor-widget elementor-widget-text-editor\" data-id=\"264bd53f\" data-element_type=\"widget\" data-e-type=\"widget\" data-widget_type=\"text-editor.default\">\n\t\t\t\t<div class=\"elementor-widget-container\">\n\t\t\t\t\t\t\t\t\t\n<p>Water Works<\/p>\n\t\t\t\t\t\t\t\t<\/div>\n\t\t\t\t<\/div>\n\t\t\t\t\t<\/div>\n\t\t<\/div>\n\t\t\t\t\t<\/div>\n\t\t<\/section>\n\t\t\t\t<section class=\"elementor-section elementor-top-section elementor-element elementor-element-419d7bda elementor-section-boxed elementor-section-height-default elementor-section-height-default\" data-id=\"419d7bda\" data-element_type=\"section\" data-e-type=\"section\" data-settings=\"{&quot;background_background&quot;:&quot;classic&quot;}\">\n\t\t\t\t\t\t<div class=\"elementor-container elementor-column-gap-default\">\n\t\t\t\t\t<div class=\"elementor-column elementor-col-100 elementor-top-column elementor-element elementor-element-61c2e34a\" data-id=\"61c2e34a\" data-element_type=\"column\" data-e-type=\"column\" data-settings=\"{&quot;background_background&quot;:&quot;classic&quot;}\">\n\t\t\t<div class=\"elementor-widget-wrap elementor-element-populated\">\n\t\t\t\t\t\t<div class=\"elementor-element elementor-element-31912c86 elementor-widget elementor-widget-menu-anchor\" data-id=\"31912c86\" data-element_type=\"widget\" data-e-type=\"widget\" data-widget_type=\"menu-anchor.default\">\n\t\t\t\t<div class=\"elementor-widget-container\">\n\t\t\t\t\t\t\t<div class=\"elementor-menu-anchor\" id=\"waterworks\"><\/div>\n\t\t\t\t\t\t<\/div>\n\t\t\t\t<\/div>\n\t\t\t\t<div class=\"elementor-element elementor-element-5ef65af7 elementor-widget elementor-widget-heading\" data-id=\"5ef65af7\" data-element_type=\"widget\" data-e-type=\"widget\" data-widget_type=\"heading.default\">\n\t\t\t\t<div class=\"elementor-widget-container\">\n\t\t\t\t\t<h2 class=\"elementor-heading-title elementor-size-default\"><a href=\"#water-works\">Travaux d'Eau<\/a><\/h2>\t\t\t\t<\/div>\n\t\t\t\t<\/div>\n\t\t\t\t<div class=\"elementor-element elementor-element-94ced9 elementor-widget elementor-widget-text-editor\" data-id=\"94ced9\" data-element_type=\"widget\" data-e-type=\"widget\" data-widget_type=\"text-editor.default\">\n\t\t\t\t<div class=\"elementor-widget-container\">\n\t\t\t\t\t\t\t\t\t<p>Comprenant l\u2019importance de l\u2019eau dans nos vies, nous avons r\u00e9alis\u00e9 un grand nombre de projets visant \u00e0 fournir aux communaut\u00e9s locales de l\u2019eau potable en partenariat avec\u00a0<a href=\"https:\/\/www.camwater.cm\/\">Camwater<\/a>,\u00a0<a href=\"https:\/\/www.who.int\/\">OMS<\/a>, et les communes. Notre solution d&rsquo;eau comprend; Construction de r\u00e9servoirs d&rsquo;eau, extension du r\u00e9seau de distribution Camwater,\u00a0 forages, construction de points d&rsquo;eau, installation de r\u00e9servoirs d&rsquo;eau et installation compl\u00e8te du syst\u00e8me d&rsquo;eau \u00e0 domicile. Nous ne posons pas seulement des conduites d&rsquo;eau (potable), mais nous construisons \u00e9galement des syst\u00e8mes complets d&rsquo;approvisionnement d&rsquo;eau. Des stations de pompage et des usines de traitement de l&rsquo;eau \u00e0 la construction de ch\u00e2teaux d&rsquo;eau, avec une assurance qualit\u00e9 \u00e9tendue et une expertise impressionnante, George et Jerry cr\u00e9ent \u00e9galement des ouvrages hydrauliques exceptionnels tels que les conduites de refroidissement d&rsquo;eau pour les centrales nucl\u00e9aires.<\/p>\t\t\t\t\t\t\t\t<\/div>\n\t\t\t\t<\/div>\n\t\t\t\t<div class=\"elementor-element elementor-element-dc07e9c elementor-align-center elementor-widget elementor-widget-button\" data-id=\"dc07e9c\" data-element_type=\"widget\" data-e-type=\"widget\" data-widget_type=\"button.default\">\n\t\t\t\t<div class=\"elementor-widget-container\">\n\t\t\t\t\t\t\t\t\t<div class=\"elementor-button-wrapper\">\n\t\t\t\t\t<a class=\"elementor-button elementor-button-link elementor-size-lg elementor-animation-shrink\" href=\"#contact\">\n\t\t\t\t\t\t<span class=\"elementor-button-content-wrapper\">\n\t\t\t\t\t\t\t\t\t<span class=\"elementor-button-text\">Contact Us<\/span>\n\t\t\t\t\t<\/span>\n\t\t\t\t\t<\/a>\n\t\t\t\t<\/div>\n\t\t\t\t\t\t\t\t<\/div>\n\t\t\t\t<\/div>\n\t\t\t\t\t<\/div>\n\t\t<\/div>\n\t\t\t\t\t<\/div>\n\t\t<\/section>\n\t\t\t\t<section class=\"elementor-section elementor-top-section elementor-element elementor-element-e728be1 elementor-section-boxed elementor-section-height-default elementor-section-height-default\" data-id=\"e728be1\" data-element_type=\"section\" data-e-type=\"section\" data-settings=\"{&quot;background_background&quot;:&quot;classic&quot;}\">\n\t\t\t\t\t\t<div class=\"elementor-container elementor-column-gap-default\">\n\t\t\t\t\t<div class=\"elementor-column elementor-col-100 elementor-top-column elementor-element elementor-element-a2d4a35\" data-id=\"a2d4a35\" data-element_type=\"column\" data-e-type=\"column\">\n\t\t\t<div class=\"elementor-widget-wrap elementor-element-populated\">\n\t\t\t\t\t\t<div class=\"elementor-element elementor-element-d91fb86 elementor-arrows-position-inside elementor-pagination-position-outside elementor-widget elementor-widget-image-carousel\" data-id=\"d91fb86\" data-element_type=\"widget\" data-e-type=\"widget\" data-settings=\"{&quot;slides_to_show&quot;:&quot;1&quot;,&quot;navigation&quot;:&quot;both&quot;,&quot;autoplay&quot;:&quot;yes&quot;,&quot;pause_on_hover&quot;:&quot;yes&quot;,&quot;pause_on_interaction&quot;:&quot;yes&quot;,&quot;autoplay_speed&quot;:5000,&quot;infinite&quot;:&quot;yes&quot;,&quot;effect&quot;:&quot;slide&quot;,&quot;speed&quot;:500}\" data-widget_type=\"image-carousel.default\">\n\t\t\t\t<div class=\"elementor-widget-container\">\n\t\t\t\t\t\t\t<div class=\"elementor-image-carousel-wrapper swiper\" role=\"region\" aria-roledescription=\"carousel\" aria-label=\"Carrousel d\u2019images\" dir=\"ltr\">\n\t\t\t<div class=\"elementor-image-carousel swiper-wrapper\" aria-live=\"off\">\n\t\t\t\t\t\t\t\t<div class=\"swiper-slide\" role=\"group\" aria-roledescription=\"slide\" aria-label=\"1 sur 4\"><figure class=\"swiper-slide-inner\"><img decoding=\"async\" class=\"swiper-slide-image\" src=\"https:\/\/georgeandjerrycm.com\/fr\/wp-content\/uploads\/2019\/11\/water-resources-1170x600.jpg\" alt=\"water-resources\" \/><\/figure><\/div><div class=\"swiper-slide\" role=\"group\" aria-roledescription=\"slide\" aria-label=\"2 sur 4\"><figure class=\"swiper-slide-inner\"><img decoding=\"async\" class=\"swiper-slide-image\" src=\"https:\/\/georgeandjerrycm.com\/fr\/wp-content\/uploads\/2019\/11\/water-canalisation-1170x600.jpg\" alt=\"water canalisation\" \/><\/figure><\/div><div class=\"swiper-slide\" role=\"group\" aria-roledescription=\"slide\" aria-label=\"3 sur 4\"><figure class=\"swiper-slide-inner\"><img decoding=\"async\" class=\"swiper-slide-image\" src=\"https:\/\/georgeandjerrycm.com\/fr\/wp-content\/uploads\/2019\/11\/drainage-pipes-1170x600.jpg\" alt=\"drainage pipes\" \/><\/figure><\/div><div class=\"swiper-slide\" role=\"group\" aria-roledescription=\"slide\" aria-label=\"4 sur 4\"><figure class=\"swiper-slide-inner\"><img decoding=\"async\" class=\"swiper-slide-image\" src=\"https:\/\/georgeandjerrycm.com\/fr\/wp-content\/uploads\/2019\/11\/conduit-pour-cable-1170x600.jpg\" alt=\"conduit pour cable\" \/><\/figure><\/div>\t\t\t<\/div>\n\t\t\t\t\t\t\t\t\t\t\t\t<div class=\"elementor-swiper-button elementor-swiper-button-prev\" role=\"button\" tabindex=\"0\">\n\t\t\t\t\t\t<i aria-hidden=\"true\" class=\"eicon-chevron-left\"><\/i>\t\t\t\t\t<\/div>\n\t\t\t\t\t<div class=\"elementor-swiper-button elementor-swiper-button-next\" role=\"button\" tabindex=\"0\">\n\t\t\t\t\t\t<i aria-hidden=\"true\" class=\"eicon-chevron-right\"><\/i>\t\t\t\t\t<\/div>\n\t\t\t\t\n\t\t\t\t\t\t\t\t\t<div class=\"swiper-pagination\"><\/div>\n\t\t\t\t\t\t\t\t\t<\/div>\n\t\t\t\t\t\t<\/div>\n\t\t\t\t<\/div>\n\t\t\t\t\t<\/div>\n\t\t<\/div>\n\t\t\t\t\t<\/div>\n\t\t<\/section>\n\t\t\t\t<\/div>\n\t\t","protected":false},"excerpt":{"rendered":"<p>Water Works Travaux d&rsquo;Eau Comprenant l\u2019importance de l\u2019eau dans nos vies, nous avons r\u00e9alis\u00e9 un grand nombre de projets visant \u00e0 fournir aux communaut\u00e9s locales de l\u2019eau potable en partenariat avec\u00a0Camwater,\u00a0OMS, et les communes. Notre solution d&rsquo;eau comprend; Construction de r\u00e9servoirs d&rsquo;eau, extension du r\u00e9seau de distribution Camwater,\u00a0 forages, construction de points d&rsquo;eau, installation de [&hellip;]<\/p>\n","protected":false},"author":1,"featured_media":0,"parent":74231,"menu_order":0,"comment_status":"closed","ping_status":"closed","template":"","meta":{"rs_blank_template":"","rs_page_bg_color":"","slide_template_v7":"","footnotes":""},"class_list":["post-75995","page","type-page","status-publish","hentry"],"yoast_head":"<!-- This site is optimized with the Yoast SEO plugin v27.5 - https:\/\/yoast.com\/product\/yoast-seo-wordpress\/ -->\n<title>Travaux d&#039;Eau - GEORGE and JERRY CO. LTD<\/title>\n<meta name=\"robots\" content=\"index, follow, max-snippet:-1, max-image-preview:large, max-video-preview:-1\" \/>\n<link rel=\"canonical\" href=\"https:\/\/georgeandjerrycm.com\/fr\/nos-services\/travaux-deau\/\" \/>\n<meta property=\"og:locale\" content=\"fr_FR\" \/>\n<meta property=\"og:type\" content=\"article\" \/>\n<meta property=\"og:title\" content=\"Travaux d&#039;Eau - GEORGE and JERRY CO. LTD\" \/>\n<meta property=\"og:description\" content=\"Water Works Travaux d&rsquo;Eau Comprenant l\u2019importance de l\u2019eau dans nos vies, nous avons r\u00e9alis\u00e9 un grand nombre de projets visant \u00e0 fournir aux communaut\u00e9s locales de l\u2019eau potable en partenariat avec\u00a0Camwater,\u00a0OMS, et les communes. Notre solution d&rsquo;eau comprend; Construction de r\u00e9servoirs d&rsquo;eau, extension du r\u00e9seau de distribution Camwater,\u00a0 forages, construction de points d&rsquo;eau, installation de [&hellip;]\" \/>\n<meta property=\"og:url\" content=\"https:\/\/georgeandjerrycm.com\/fr\/nos-services\/travaux-deau\/\" \/>\n<meta property=\"og:site_name\" content=\"GEORGE and JERRY CO. LTD\" \/>\n<meta property=\"article:publisher\" content=\"https:\/\/web.facebook.com\/georgejerrycm\" \/>\n<meta property=\"article:modified_time\" content=\"2022-08-28T17:14:15+00:00\" \/>\n<meta property=\"og:image\" content=\"https:\/\/georgeandjerrycm.com\/fr\/wp-content\/uploads\/2019\/11\/water-resources-1170x600.jpg\" \/>\n<meta name=\"twitter:card\" content=\"summary_large_image\" \/>\n<meta name=\"twitter:label1\" content=\"Dur\u00e9e de lecture estim\u00e9e\" \/>\n\t<meta name=\"twitter:data1\" content=\"2 minutes\" \/>\n<script type=\"application\/ld+json\" class=\"yoast-schema-graph\">{\"@context\":\"https:\\\/\\\/schema.org\",\"@graph\":[{\"@type\":\"WebPage\",\"@id\":\"https:\\\/\\\/georgeandjerrycm.com\\\/fr\\\/nos-services\\\/travaux-deau\\\/\",\"url\":\"https:\\\/\\\/georgeandjerrycm.com\\\/fr\\\/nos-services\\\/travaux-deau\\\/\",\"name\":\"Travaux d'Eau - GEORGE and JERRY CO. LTD\",\"isPartOf\":{\"@id\":\"https:\\\/\\\/georgeandjerrycm.com\\\/fr\\\/#website\"},\"primaryImageOfPage\":{\"@id\":\"https:\\\/\\\/georgeandjerrycm.com\\\/fr\\\/nos-services\\\/travaux-deau\\\/#primaryimage\"},\"image\":{\"@id\":\"https:\\\/\\\/georgeandjerrycm.com\\\/fr\\\/nos-services\\\/travaux-deau\\\/#primaryimage\"},\"thumbnailUrl\":\"https:\\\/\\\/georgeandjerrycm.com\\\/fr\\\/wp-content\\\/uploads\\\/2019\\\/11\\\/water-resources-1170x600.jpg\",\"datePublished\":\"2022-07-11T17:22:41+00:00\",\"dateModified\":\"2022-08-28T17:14:15+00:00\",\"breadcrumb\":{\"@id\":\"https:\\\/\\\/georgeandjerrycm.com\\\/fr\\\/nos-services\\\/travaux-deau\\\/#breadcrumb\"},\"inLanguage\":\"fr-FR\",\"potentialAction\":[{\"@type\":\"ReadAction\",\"target\":[\"https:\\\/\\\/georgeandjerrycm.com\\\/fr\\\/nos-services\\\/travaux-deau\\\/\"]}]},{\"@type\":\"ImageObject\",\"inLanguage\":\"fr-FR\",\"@id\":\"https:\\\/\\\/georgeandjerrycm.com\\\/fr\\\/nos-services\\\/travaux-deau\\\/#primaryimage\",\"url\":\"https:\\\/\\\/georgeandjerrycm.com\\\/fr\\\/wp-content\\\/uploads\\\/2019\\\/11\\\/water-resources.jpg\",\"contentUrl\":\"https:\\\/\\\/georgeandjerrycm.com\\\/fr\\\/wp-content\\\/uploads\\\/2019\\\/11\\\/water-resources.jpg\",\"width\":1920,\"height\":1278},{\"@type\":\"BreadcrumbList\",\"@id\":\"https:\\\/\\\/georgeandjerrycm.com\\\/fr\\\/nos-services\\\/travaux-deau\\\/#breadcrumb\",\"itemListElement\":[{\"@type\":\"ListItem\",\"position\":1,\"name\":\"ACCUEIL\",\"item\":\"https:\\\/\\\/georgeandjerrycm.com\\\/fr\\\/\"},{\"@type\":\"ListItem\",\"position\":2,\"name\":\"Nos Services\",\"item\":\"https:\\\/\\\/georgeandjerrycm.com\\\/fr\\\/nos-services\\\/\"},{\"@type\":\"ListItem\",\"position\":3,\"name\":\"Travaux d&rsquo;Eau\"}]},{\"@type\":\"WebSite\",\"@id\":\"https:\\\/\\\/georgeandjerrycm.com\\\/fr\\\/#website\",\"url\":\"https:\\\/\\\/georgeandjerrycm.com\\\/fr\\\/\",\"name\":\"GEORGE and JERRY CO. LTD\",\"description\":\"Pour la qualit\u00e9 de vos travaux de construction...\",\"publisher\":{\"@id\":\"https:\\\/\\\/georgeandjerrycm.com\\\/fr\\\/#organization\"},\"potentialAction\":[{\"@type\":\"SearchAction\",\"target\":{\"@type\":\"EntryPoint\",\"urlTemplate\":\"https:\\\/\\\/georgeandjerrycm.com\\\/fr\\\/?s={search_term_string}\"},\"query-input\":{\"@type\":\"PropertyValueSpecification\",\"valueRequired\":true,\"valueName\":\"search_term_string\"}}],\"inLanguage\":\"fr-FR\"},{\"@type\":\"Organization\",\"@id\":\"https:\\\/\\\/georgeandjerrycm.com\\\/fr\\\/#organization\",\"name\":\"GEORGE and JERRY CO. LTD\",\"url\":\"https:\\\/\\\/georgeandjerrycm.com\\\/fr\\\/\",\"logo\":{\"@type\":\"ImageObject\",\"inLanguage\":\"fr-FR\",\"@id\":\"https:\\\/\\\/georgeandjerrycm.com\\\/fr\\\/#\\\/schema\\\/logo\\\/image\\\/\",\"url\":\"https:\\\/\\\/georgeandjerrycm.com\\\/fr\\\/wp-content\\\/uploads\\\/2019\\\/11\\\/LOGO-GJ-TRANSPARENT-BG-e1574417641761.png\",\"contentUrl\":\"https:\\\/\\\/georgeandjerrycm.com\\\/fr\\\/wp-content\\\/uploads\\\/2019\\\/11\\\/LOGO-GJ-TRANSPARENT-BG-e1574417641761.png\",\"width\":300,\"height\":169,\"caption\":\"GEORGE and JERRY CO. LTD\"},\"image\":{\"@id\":\"https:\\\/\\\/georgeandjerrycm.com\\\/fr\\\/#\\\/schema\\\/logo\\\/image\\\/\"},\"sameAs\":[\"https:\\\/\\\/web.facebook.com\\\/georgejerrycm\",\"https:\\\/\\\/www.linkedin.com\\\/company\\\/george-jerry-construction-company-ltd\\\/\"]}]}<\/script>\n<!-- \/ Yoast SEO plugin. -->","yoast_head_json":{"title":"Travaux d'Eau - GEORGE and JERRY CO. LTD","robots":{"index":"index","follow":"follow","max-snippet":"max-snippet:-1","max-image-preview":"max-image-preview:large","max-video-preview":"max-video-preview:-1"},"canonical":"https:\/\/georgeandjerrycm.com\/fr\/nos-services\/travaux-deau\/","og_locale":"fr_FR","og_type":"article","og_title":"Travaux d'Eau - GEORGE and JERRY CO. LTD","og_description":"Water Works Travaux d&rsquo;Eau Comprenant l\u2019importance de l\u2019eau dans nos vies, nous avons r\u00e9alis\u00e9 un grand nombre de projets visant \u00e0 fournir aux communaut\u00e9s locales de l\u2019eau potable en partenariat avec\u00a0Camwater,\u00a0OMS, et les communes. Notre solution d&rsquo;eau comprend; Construction de r\u00e9servoirs d&rsquo;eau, extension du r\u00e9seau de distribution Camwater,\u00a0 forages, construction de points d&rsquo;eau, installation de [&hellip;]","og_url":"https:\/\/georgeandjerrycm.com\/fr\/nos-services\/travaux-deau\/","og_site_name":"GEORGE and JERRY CO. LTD","article_publisher":"https:\/\/web.facebook.com\/georgejerrycm","article_modified_time":"2022-08-28T17:14:15+00:00","og_image":[{"url":"https:\/\/georgeandjerrycm.com\/fr\/wp-content\/uploads\/2019\/11\/water-resources-1170x600.jpg","type":"","width":"","height":""}],"twitter_card":"summary_large_image","twitter_misc":{"Dur\u00e9e de lecture estim\u00e9e":"2 minutes"},"schema":{"@context":"https:\/\/schema.org","@graph":[{"@type":"WebPage","@id":"https:\/\/georgeandjerrycm.com\/fr\/nos-services\/travaux-deau\/","url":"https:\/\/georgeandjerrycm.com\/fr\/nos-services\/travaux-deau\/","name":"Travaux d'Eau - GEORGE and JERRY CO. LTD","isPartOf":{"@id":"https:\/\/georgeandjerrycm.com\/fr\/#website"},"primaryImageOfPage":{"@id":"https:\/\/georgeandjerrycm.com\/fr\/nos-services\/travaux-deau\/#primaryimage"},"image":{"@id":"https:\/\/georgeandjerrycm.com\/fr\/nos-services\/travaux-deau\/#primaryimage"},"thumbnailUrl":"https:\/\/georgeandjerrycm.com\/fr\/wp-content\/uploads\/2019\/11\/water-resources-1170x600.jpg","datePublished":"2022-07-11T17:22:41+00:00","dateModified":"2022-08-28T17:14:15+00:00","breadcrumb":{"@id":"https:\/\/georgeandjerrycm.com\/fr\/nos-services\/travaux-deau\/#breadcrumb"},"inLanguage":"fr-FR","potentialAction":[{"@type":"ReadAction","target":["https:\/\/georgeandjerrycm.com\/fr\/nos-services\/travaux-deau\/"]}]},{"@type":"ImageObject","inLanguage":"fr-FR","@id":"https:\/\/georgeandjerrycm.com\/fr\/nos-services\/travaux-deau\/#primaryimage","url":"https:\/\/georgeandjerrycm.com\/fr\/wp-content\/uploads\/2019\/11\/water-resources.jpg","contentUrl":"https:\/\/georgeandjerrycm.com\/fr\/wp-content\/uploads\/2019\/11\/water-resources.jpg","width":1920,"height":1278},{"@type":"BreadcrumbList","@id":"https:\/\/georgeandjerrycm.com\/fr\/nos-services\/travaux-deau\/#breadcrumb","itemListElement":[{"@type":"ListItem","position":1,"name":"ACCUEIL","item":"https:\/\/georgeandjerrycm.com\/fr\/"},{"@type":"ListItem","position":2,"name":"Nos Services","item":"https:\/\/georgeandjerrycm.com\/fr\/nos-services\/"},{"@type":"ListItem","position":3,"name":"Travaux d&rsquo;Eau"}]},{"@type":"WebSite","@id":"https:\/\/georgeandjerrycm.com\/fr\/#website","url":"https:\/\/georgeandjerrycm.com\/fr\/","name":"GEORGE and JERRY CO. LTD","description":"Pour la qualit\u00e9 de vos travaux de construction...","publisher":{"@id":"https:\/\/georgeandjerrycm.com\/fr\/#organization"},"potentialAction":[{"@type":"SearchAction","target":{"@type":"EntryPoint","urlTemplate":"https:\/\/georgeandjerrycm.com\/fr\/?s={search_term_string}"},"query-input":{"@type":"PropertyValueSpecification","valueRequired":true,"valueName":"search_term_string"}}],"inLanguage":"fr-FR"},{"@type":"Organization","@id":"https:\/\/georgeandjerrycm.com\/fr\/#organization","name":"GEORGE and JERRY CO. LTD","url":"https:\/\/georgeandjerrycm.com\/fr\/","logo":{"@type":"ImageObject","inLanguage":"fr-FR","@id":"https:\/\/georgeandjerrycm.com\/fr\/#\/schema\/logo\/image\/","url":"https:\/\/georgeandjerrycm.com\/fr\/wp-content\/uploads\/2019\/11\/LOGO-GJ-TRANSPARENT-BG-e1574417641761.png","contentUrl":"https:\/\/georgeandjerrycm.com\/fr\/wp-content\/uploads\/2019\/11\/LOGO-GJ-TRANSPARENT-BG-e1574417641761.png","width":300,"height":169,"caption":"GEORGE and JERRY CO. LTD"},"image":{"@id":"https:\/\/georgeandjerrycm.com\/fr\/#\/schema\/logo\/image\/"},"sameAs":["https:\/\/web.facebook.com\/georgejerrycm","https:\/\/www.linkedin.com\/company\/george-jerry-construction-company-ltd\/"]}]}},"_links":{"self":[{"href":"https:\/\/georgeandjerrycm.com\/fr\/wp-json\/wp\/v2\/pages\/75995","targetHints":{"allow":["GET"]}}],"collection":[{"href":"https:\/\/georgeandjerrycm.com\/fr\/wp-json\/wp\/v2\/pages"}],"about":[{"href":"https:\/\/georgeandjerrycm.com\/fr\/wp-json\/wp\/v2\/types\/page"}],"author":[{"embeddable":true,"href":"https:\/\/georgeandjerrycm.com\/fr\/wp-json\/wp\/v2\/users\/1"}],"replies":[{"embeddable":true,"href":"https:\/\/georgeandjerrycm.com\/fr\/wp-json\/wp\/v2\/comments?post=75995"}],"version-history":[{"count":24,"href":"https:\/\/georgeandjerrycm.com\/fr\/wp-json\/wp\/v2\/pages\/75995\/revisions"}],"predecessor-version":[{"id":76361,"href":"https:\/\/georgeandjerrycm.com\/fr\/wp-json\/wp\/v2\/pages\/75995\/revisions\/76361"}],"up":[{"embeddable":true,"href":"https:\/\/georgeandjerrycm.com\/fr\/wp-json\/wp\/v2\/pages\/74231"}],"wp:attachment":[{"href":"https:\/\/georgeandjerrycm.com\/fr\/wp-json\/wp\/v2\/media?parent=75995"}],"curies":[{"name":"wp","href":"https:\/\/api.w.org\/{rel}","templated":true}]}}