{"id":76001,"date":"2022-07-11T18:34:38","date_gmt":"2022-07-11T17:34:38","guid":{"rendered":"https:\/\/georgeandjerrycm.com\/fr\/?page_id=76001"},"modified":"2022-08-28T17:04:04","modified_gmt":"2022-08-28T16:04:04","slug":"telecommunication","status":"publish","type":"page","link":"https:\/\/georgeandjerrycm.com\/fr\/nos-services\/telecommunication\/","title":{"rendered":"T\u00e9l\u00e9communication"},"content":{"rendered":"\t\t<div data-elementor-type=\"wp-page\" data-elementor-id=\"76001\" class=\"elementor elementor-76001\">\n\t\t\t\t\t\t<section class=\"elementor-section elementor-top-section elementor-element elementor-element-15981c4 elementor-section-boxed elementor-section-height-default elementor-section-height-default\" data-id=\"15981c4\" data-element_type=\"section\" data-e-type=\"section\" data-settings=\"{&quot;background_background&quot;:&quot;classic&quot;}\">\n\t\t\t\t\t\t<div class=\"elementor-container elementor-column-gap-default\">\n\t\t\t\t\t<div class=\"elementor-column elementor-col-100 elementor-top-column elementor-element elementor-element-2ca94e55\" data-id=\"2ca94e55\" data-element_type=\"column\" data-e-type=\"column\" data-settings=\"{&quot;background_background&quot;:&quot;classic&quot;}\">\n\t\t\t<div class=\"elementor-widget-wrap elementor-element-populated\">\n\t\t\t\t\t\t<div class=\"elementor-element elementor-element-5c1430fc elementor-widget elementor-widget-menu-anchor\" data-id=\"5c1430fc\" data-element_type=\"widget\" data-e-type=\"widget\" data-widget_type=\"menu-anchor.default\">\n\t\t\t\t<div class=\"elementor-widget-container\">\n\t\t\t\t\t\t\t<div class=\"elementor-menu-anchor\" id=\"setupofnetworkcablingandopticalfiber\"><\/div>\n\t\t\t\t\t\t<\/div>\n\t\t\t\t<\/div>\n\t\t\t\t<div class=\"elementor-element elementor-element-341fe6c4 elementor-widget elementor-widget-heading\" data-id=\"341fe6c4\" data-element_type=\"widget\" data-e-type=\"widget\" data-widget_type=\"heading.default\">\n\t\t\t\t<div class=\"elementor-widget-container\">\n\t\t\t\t\t<h2 class=\"elementor-heading-title elementor-size-default\"><a href=\"#setupofnetworkcablingandopticalfiber\">T\u00e9l\u00e9communication<\/a><\/h2>\t\t\t\t<\/div>\n\t\t\t\t<\/div>\n\t\t\t\t<div class=\"elementor-element elementor-element-6b4c0504 elementor-widget elementor-widget-text-editor\" data-id=\"6b4c0504\" data-element_type=\"widget\" data-e-type=\"widget\" data-widget_type=\"text-editor.default\">\n\t\t\t\t<div class=\"elementor-widget-container\">\n\t\t\t\t\t\t\t\t\t<p>\u00c9tant un sous-traitant de entreprise leader en t\u00e9l\u00e9communications au Cameroun \u00a0(<a href=\"https:\/\/camtel.cm\/\">CAMTEL<\/a>), nous avons acquis une exp\u00e9rience dans le domaine du d\u00e9placement et de l&rsquo;installation de r\u00e9seaux de t\u00e9l\u00e9communications, de la construction de tours de communication, l&rsquo;installation du c\u00e2bles Internet et de fibres optiques au cours de la derni\u00e8re d\u00e9cennie.\u00a0<\/p><p>Nous sommes sp\u00e9cialis\u00e9s dans l&rsquo;installation de c\u00e2bles souterrains utilisant des techniques innovantes et respectant toutes les r\u00e9glementations en mati\u00e8re de s\u00e9curit\u00e9 et d&rsquo;environnement. Plusieurs clients tr\u00e8s satisfaits continuent de compter sur nos professionnels offrant des solutions compl\u00e8tes.<\/p>\t\t\t\t\t\t\t\t<\/div>\n\t\t\t\t<\/div>\n\t\t\t\t<div class=\"elementor-element elementor-element-4c1e3b11 elementor-align-center elementor-widget elementor-widget-button\" data-id=\"4c1e3b11\" data-element_type=\"widget\" data-e-type=\"widget\" data-widget_type=\"button.default\">\n\t\t\t\t<div class=\"elementor-widget-container\">\n\t\t\t\t\t\t\t\t\t<div class=\"elementor-button-wrapper\">\n\t\t\t\t\t<a class=\"elementor-button elementor-button-link elementor-size-lg elementor-animation-shrink\" href=\"https:\/\/georgeandjerrycm.com\/fr\/nous-contacter\/\">\n\t\t\t\t\t\t<span class=\"elementor-button-content-wrapper\">\n\t\t\t\t\t\t\t\t\t<span class=\"elementor-button-text\">NOUS CONTACTER<\/span>\n\t\t\t\t\t<\/span>\n\t\t\t\t\t<\/a>\n\t\t\t\t<\/div>\n\t\t\t\t\t\t\t\t<\/div>\n\t\t\t\t<\/div>\n\t\t\t\t\t<\/div>\n\t\t<\/div>\n\t\t\t\t\t<\/div>\n\t\t<\/section>\n\t\t\t\t<section class=\"elementor-section elementor-top-section elementor-element elementor-element-4daf78b elementor-section-boxed elementor-section-height-default elementor-section-height-default\" data-id=\"4daf78b\" data-element_type=\"section\" data-e-type=\"section\" data-settings=\"{&quot;background_background&quot;:&quot;classic&quot;}\">\n\t\t\t\t\t\t<div class=\"elementor-container elementor-column-gap-default\">\n\t\t\t\t\t<div class=\"elementor-column elementor-col-100 elementor-top-column elementor-element elementor-element-4991580\" data-id=\"4991580\" data-element_type=\"column\" data-e-type=\"column\">\n\t\t\t<div class=\"elementor-widget-wrap elementor-element-populated\">\n\t\t\t\t\t\t<div class=\"elementor-element elementor-element-7926b76 elementor-arrows-position-inside elementor-pagination-position-outside elementor-widget elementor-widget-image-carousel\" data-id=\"7926b76\" data-element_type=\"widget\" data-e-type=\"widget\" data-settings=\"{&quot;slides_to_show&quot;:&quot;1&quot;,&quot;navigation&quot;:&quot;both&quot;,&quot;autoplay&quot;:&quot;yes&quot;,&quot;pause_on_hover&quot;:&quot;yes&quot;,&quot;pause_on_interaction&quot;:&quot;yes&quot;,&quot;autoplay_speed&quot;:5000,&quot;infinite&quot;:&quot;yes&quot;,&quot;effect&quot;:&quot;slide&quot;,&quot;speed&quot;:500}\" data-widget_type=\"image-carousel.default\">\n\t\t\t\t<div class=\"elementor-widget-container\">\n\t\t\t\t\t\t\t<div class=\"elementor-image-carousel-wrapper swiper\" role=\"region\" aria-roledescription=\"carousel\" aria-label=\"Carrousel d\u2019images\" dir=\"ltr\">\n\t\t\t<div class=\"elementor-image-carousel swiper-wrapper\" aria-live=\"off\">\n\t\t\t\t\t\t\t\t<div class=\"swiper-slide\" role=\"group\" aria-roledescription=\"slide\" aria-label=\"1 sur 3\"><figure class=\"swiper-slide-inner\"><img decoding=\"async\" class=\"swiper-slide-image\" src=\"https:\/\/georgeandjerrycm.com\/fr\/wp-content\/uploads\/2019\/11\/15.jpg\" alt=\"15\" \/><\/figure><\/div><div class=\"swiper-slide\" role=\"group\" aria-roledescription=\"slide\" aria-label=\"2 sur 3\"><figure class=\"swiper-slide-inner\"><img decoding=\"async\" class=\"swiper-slide-image\" src=\"https:\/\/georgeandjerrycm.com\/fr\/wp-content\/uploads\/2019\/11\/16.jpg\" alt=\"16\" \/><\/figure><\/div><div class=\"swiper-slide\" role=\"group\" aria-roledescription=\"slide\" aria-label=\"3 sur 3\"><figure class=\"swiper-slide-inner\"><img decoding=\"async\" class=\"swiper-slide-image\" src=\"https:\/\/georgeandjerrycm.com\/fr\/wp-content\/uploads\/2022\/07\/Olembe-Project-13.jpg\" alt=\"Olembe-Project-13\" \/><\/figure><\/div>\t\t\t<\/div>\n\t\t\t\t\t\t\t\t\t\t\t\t<div class=\"elementor-swiper-button elementor-swiper-button-prev\" role=\"button\" tabindex=\"0\">\n\t\t\t\t\t\t<i aria-hidden=\"true\" class=\"eicon-chevron-left\"><\/i>\t\t\t\t\t<\/div>\n\t\t\t\t\t<div class=\"elementor-swiper-button elementor-swiper-button-next\" role=\"button\" tabindex=\"0\">\n\t\t\t\t\t\t<i aria-hidden=\"true\" class=\"eicon-chevron-right\"><\/i>\t\t\t\t\t<\/div>\n\t\t\t\t\n\t\t\t\t\t\t\t\t\t<div class=\"swiper-pagination\"><\/div>\n\t\t\t\t\t\t\t\t\t<\/div>\n\t\t\t\t\t\t<\/div>\n\t\t\t\t<\/div>\n\t\t\t\t\t<\/div>\n\t\t<\/div>\n\t\t\t\t\t<\/div>\n\t\t<\/section>\n\t\t\t\t<\/div>\n\t\t","protected":false},"excerpt":{"rendered":"<p>T\u00e9l\u00e9communication \u00c9tant un sous-traitant de entreprise leader en t\u00e9l\u00e9communications au Cameroun \u00a0(CAMTEL), nous avons acquis une exp\u00e9rience dans le domaine du d\u00e9placement et de l&rsquo;installation de r\u00e9seaux de t\u00e9l\u00e9communications, de la construction de tours de communication, l&rsquo;installation du c\u00e2bles Internet et de fibres optiques au cours de la derni\u00e8re d\u00e9cennie.\u00a0 Nous sommes sp\u00e9cialis\u00e9s dans l&rsquo;installation [&hellip;]<\/p>\n","protected":false},"author":1,"featured_media":0,"parent":74231,"menu_order":0,"comment_status":"closed","ping_status":"closed","template":"","meta":{"rs_blank_template":"","rs_page_bg_color":"","slide_template_v7":"","footnotes":""},"class_list":["post-76001","page","type-page","status-publish","hentry"],"yoast_head":"<!-- This site is optimized with the Yoast SEO plugin v27.5 - https:\/\/yoast.com\/product\/yoast-seo-wordpress\/ -->\n<title>T\u00e9l\u00e9communication - GEORGE and JERRY CO. LTD<\/title>\n<meta name=\"robots\" content=\"index, follow, max-snippet:-1, max-image-preview:large, max-video-preview:-1\" \/>\n<link rel=\"canonical\" href=\"https:\/\/georgeandjerrycm.com\/fr\/nos-services\/telecommunication\/\" \/>\n<meta property=\"og:locale\" content=\"fr_FR\" \/>\n<meta property=\"og:type\" content=\"article\" \/>\n<meta property=\"og:title\" content=\"T\u00e9l\u00e9communication - GEORGE and JERRY CO. LTD\" \/>\n<meta property=\"og:description\" content=\"T\u00e9l\u00e9communication \u00c9tant un sous-traitant de entreprise leader en t\u00e9l\u00e9communications au Cameroun \u00a0(CAMTEL), nous avons acquis une exp\u00e9rience dans le domaine du d\u00e9placement et de l&rsquo;installation de r\u00e9seaux de t\u00e9l\u00e9communications, de la construction de tours de communication, l&rsquo;installation du c\u00e2bles Internet et de fibres optiques au cours de la derni\u00e8re d\u00e9cennie.\u00a0 Nous sommes sp\u00e9cialis\u00e9s dans l&rsquo;installation [&hellip;]\" \/>\n<meta property=\"og:url\" content=\"https:\/\/georgeandjerrycm.com\/fr\/nos-services\/telecommunication\/\" \/>\n<meta property=\"og:site_name\" content=\"GEORGE and JERRY CO. LTD\" \/>\n<meta property=\"article:publisher\" content=\"https:\/\/web.facebook.com\/georgejerrycm\" \/>\n<meta property=\"article:modified_time\" content=\"2022-08-28T16:04:04+00:00\" \/>\n<meta property=\"og:image\" content=\"https:\/\/georgeandjerrycm.com\/fr\/wp-content\/uploads\/2019\/11\/15.jpg\" \/>\n<meta name=\"twitter:card\" content=\"summary_large_image\" \/>\n<meta name=\"twitter:label1\" content=\"Dur\u00e9e de lecture estim\u00e9e\" \/>\n\t<meta name=\"twitter:data1\" content=\"2 minutes\" \/>\n<script type=\"application\/ld+json\" class=\"yoast-schema-graph\">{\"@context\":\"https:\\\/\\\/schema.org\",\"@graph\":[{\"@type\":\"WebPage\",\"@id\":\"https:\\\/\\\/georgeandjerrycm.com\\\/fr\\\/nos-services\\\/telecommunication\\\/\",\"url\":\"https:\\\/\\\/georgeandjerrycm.com\\\/fr\\\/nos-services\\\/telecommunication\\\/\",\"name\":\"T\u00e9l\u00e9communication - GEORGE and JERRY CO. LTD\",\"isPartOf\":{\"@id\":\"https:\\\/\\\/georgeandjerrycm.com\\\/fr\\\/#website\"},\"primaryImageOfPage\":{\"@id\":\"https:\\\/\\\/georgeandjerrycm.com\\\/fr\\\/nos-services\\\/telecommunication\\\/#primaryimage\"},\"image\":{\"@id\":\"https:\\\/\\\/georgeandjerrycm.com\\\/fr\\\/nos-services\\\/telecommunication\\\/#primaryimage\"},\"thumbnailUrl\":\"https:\\\/\\\/georgeandjerrycm.com\\\/fr\\\/wp-content\\\/uploads\\\/2019\\\/11\\\/15.jpg\",\"datePublished\":\"2022-07-11T17:34:38+00:00\",\"dateModified\":\"2022-08-28T16:04:04+00:00\",\"breadcrumb\":{\"@id\":\"https:\\\/\\\/georgeandjerrycm.com\\\/fr\\\/nos-services\\\/telecommunication\\\/#breadcrumb\"},\"inLanguage\":\"fr-FR\",\"potentialAction\":[{\"@type\":\"ReadAction\",\"target\":[\"https:\\\/\\\/georgeandjerrycm.com\\\/fr\\\/nos-services\\\/telecommunication\\\/\"]}]},{\"@type\":\"ImageObject\",\"inLanguage\":\"fr-FR\",\"@id\":\"https:\\\/\\\/georgeandjerrycm.com\\\/fr\\\/nos-services\\\/telecommunication\\\/#primaryimage\",\"url\":\"https:\\\/\\\/georgeandjerrycm.com\\\/fr\\\/wp-content\\\/uploads\\\/2019\\\/11\\\/15.jpg\",\"contentUrl\":\"https:\\\/\\\/georgeandjerrycm.com\\\/fr\\\/wp-content\\\/uploads\\\/2019\\\/11\\\/15.jpg\",\"width\":1400,\"height\":934},{\"@type\":\"BreadcrumbList\",\"@id\":\"https:\\\/\\\/georgeandjerrycm.com\\\/fr\\\/nos-services\\\/telecommunication\\\/#breadcrumb\",\"itemListElement\":[{\"@type\":\"ListItem\",\"position\":1,\"name\":\"ACCUEIL\",\"item\":\"https:\\\/\\\/georgeandjerrycm.com\\\/fr\\\/\"},{\"@type\":\"ListItem\",\"position\":2,\"name\":\"Nos Services\",\"item\":\"https:\\\/\\\/georgeandjerrycm.com\\\/fr\\\/nos-services\\\/\"},{\"@type\":\"ListItem\",\"position\":3,\"name\":\"T\u00e9l\u00e9communication\"}]},{\"@type\":\"WebSite\",\"@id\":\"https:\\\/\\\/georgeandjerrycm.com\\\/fr\\\/#website\",\"url\":\"https:\\\/\\\/georgeandjerrycm.com\\\/fr\\\/\",\"name\":\"GEORGE and JERRY CO. LTD\",\"description\":\"Pour la qualit\u00e9 de vos travaux de construction...\",\"publisher\":{\"@id\":\"https:\\\/\\\/georgeandjerrycm.com\\\/fr\\\/#organization\"},\"potentialAction\":[{\"@type\":\"SearchAction\",\"target\":{\"@type\":\"EntryPoint\",\"urlTemplate\":\"https:\\\/\\\/georgeandjerrycm.com\\\/fr\\\/?s={search_term_string}\"},\"query-input\":{\"@type\":\"PropertyValueSpecification\",\"valueRequired\":true,\"valueName\":\"search_term_string\"}}],\"inLanguage\":\"fr-FR\"},{\"@type\":\"Organization\",\"@id\":\"https:\\\/\\\/georgeandjerrycm.com\\\/fr\\\/#organization\",\"name\":\"GEORGE and JERRY CO. LTD\",\"url\":\"https:\\\/\\\/georgeandjerrycm.com\\\/fr\\\/\",\"logo\":{\"@type\":\"ImageObject\",\"inLanguage\":\"fr-FR\",\"@id\":\"https:\\\/\\\/georgeandjerrycm.com\\\/fr\\\/#\\\/schema\\\/logo\\\/image\\\/\",\"url\":\"https:\\\/\\\/georgeandjerrycm.com\\\/fr\\\/wp-content\\\/uploads\\\/2019\\\/11\\\/LOGO-GJ-TRANSPARENT-BG-e1574417641761.png\",\"contentUrl\":\"https:\\\/\\\/georgeandjerrycm.com\\\/fr\\\/wp-content\\\/uploads\\\/2019\\\/11\\\/LOGO-GJ-TRANSPARENT-BG-e1574417641761.png\",\"width\":300,\"height\":169,\"caption\":\"GEORGE and JERRY CO. LTD\"},\"image\":{\"@id\":\"https:\\\/\\\/georgeandjerrycm.com\\\/fr\\\/#\\\/schema\\\/logo\\\/image\\\/\"},\"sameAs\":[\"https:\\\/\\\/web.facebook.com\\\/georgejerrycm\",\"https:\\\/\\\/www.linkedin.com\\\/company\\\/george-jerry-construction-company-ltd\\\/\"]}]}<\/script>\n<!-- \/ Yoast SEO plugin. -->","yoast_head_json":{"title":"T\u00e9l\u00e9communication - GEORGE and JERRY CO. LTD","robots":{"index":"index","follow":"follow","max-snippet":"max-snippet:-1","max-image-preview":"max-image-preview:large","max-video-preview":"max-video-preview:-1"},"canonical":"https:\/\/georgeandjerrycm.com\/fr\/nos-services\/telecommunication\/","og_locale":"fr_FR","og_type":"article","og_title":"T\u00e9l\u00e9communication - GEORGE and JERRY CO. LTD","og_description":"T\u00e9l\u00e9communication \u00c9tant un sous-traitant de entreprise leader en t\u00e9l\u00e9communications au Cameroun \u00a0(CAMTEL), nous avons acquis une exp\u00e9rience dans le domaine du d\u00e9placement et de l&rsquo;installation de r\u00e9seaux de t\u00e9l\u00e9communications, de la construction de tours de communication, l&rsquo;installation du c\u00e2bles Internet et de fibres optiques au cours de la derni\u00e8re d\u00e9cennie.\u00a0 Nous sommes sp\u00e9cialis\u00e9s dans l&rsquo;installation [&hellip;]","og_url":"https:\/\/georgeandjerrycm.com\/fr\/nos-services\/telecommunication\/","og_site_name":"GEORGE and JERRY CO. LTD","article_publisher":"https:\/\/web.facebook.com\/georgejerrycm","article_modified_time":"2022-08-28T16:04:04+00:00","og_image":[{"url":"https:\/\/georgeandjerrycm.com\/fr\/wp-content\/uploads\/2019\/11\/15.jpg","type":"","width":"","height":""}],"twitter_card":"summary_large_image","twitter_misc":{"Dur\u00e9e de lecture estim\u00e9e":"2 minutes"},"schema":{"@context":"https:\/\/schema.org","@graph":[{"@type":"WebPage","@id":"https:\/\/georgeandjerrycm.com\/fr\/nos-services\/telecommunication\/","url":"https:\/\/georgeandjerrycm.com\/fr\/nos-services\/telecommunication\/","name":"T\u00e9l\u00e9communication - GEORGE and JERRY CO. LTD","isPartOf":{"@id":"https:\/\/georgeandjerrycm.com\/fr\/#website"},"primaryImageOfPage":{"@id":"https:\/\/georgeandjerrycm.com\/fr\/nos-services\/telecommunication\/#primaryimage"},"image":{"@id":"https:\/\/georgeandjerrycm.com\/fr\/nos-services\/telecommunication\/#primaryimage"},"thumbnailUrl":"https:\/\/georgeandjerrycm.com\/fr\/wp-content\/uploads\/2019\/11\/15.jpg","datePublished":"2022-07-11T17:34:38+00:00","dateModified":"2022-08-28T16:04:04+00:00","breadcrumb":{"@id":"https:\/\/georgeandjerrycm.com\/fr\/nos-services\/telecommunication\/#breadcrumb"},"inLanguage":"fr-FR","potentialAction":[{"@type":"ReadAction","target":["https:\/\/georgeandjerrycm.com\/fr\/nos-services\/telecommunication\/"]}]},{"@type":"ImageObject","inLanguage":"fr-FR","@id":"https:\/\/georgeandjerrycm.com\/fr\/nos-services\/telecommunication\/#primaryimage","url":"https:\/\/georgeandjerrycm.com\/fr\/wp-content\/uploads\/2019\/11\/15.jpg","contentUrl":"https:\/\/georgeandjerrycm.com\/fr\/wp-content\/uploads\/2019\/11\/15.jpg","width":1400,"height":934},{"@type":"BreadcrumbList","@id":"https:\/\/georgeandjerrycm.com\/fr\/nos-services\/telecommunication\/#breadcrumb","itemListElement":[{"@type":"ListItem","position":1,"name":"ACCUEIL","item":"https:\/\/georgeandjerrycm.com\/fr\/"},{"@type":"ListItem","position":2,"name":"Nos Services","item":"https:\/\/georgeandjerrycm.com\/fr\/nos-services\/"},{"@type":"ListItem","position":3,"name":"T\u00e9l\u00e9communication"}]},{"@type":"WebSite","@id":"https:\/\/georgeandjerrycm.com\/fr\/#website","url":"https:\/\/georgeandjerrycm.com\/fr\/","name":"GEORGE and JERRY CO. LTD","description":"Pour la qualit\u00e9 de vos travaux de construction...","publisher":{"@id":"https:\/\/georgeandjerrycm.com\/fr\/#organization"},"potentialAction":[{"@type":"SearchAction","target":{"@type":"EntryPoint","urlTemplate":"https:\/\/georgeandjerrycm.com\/fr\/?s={search_term_string}"},"query-input":{"@type":"PropertyValueSpecification","valueRequired":true,"valueName":"search_term_string"}}],"inLanguage":"fr-FR"},{"@type":"Organization","@id":"https:\/\/georgeandjerrycm.com\/fr\/#organization","name":"GEORGE and JERRY CO. LTD","url":"https:\/\/georgeandjerrycm.com\/fr\/","logo":{"@type":"ImageObject","inLanguage":"fr-FR","@id":"https:\/\/georgeandjerrycm.com\/fr\/#\/schema\/logo\/image\/","url":"https:\/\/georgeandjerrycm.com\/fr\/wp-content\/uploads\/2019\/11\/LOGO-GJ-TRANSPARENT-BG-e1574417641761.png","contentUrl":"https:\/\/georgeandjerrycm.com\/fr\/wp-content\/uploads\/2019\/11\/LOGO-GJ-TRANSPARENT-BG-e1574417641761.png","width":300,"height":169,"caption":"GEORGE and JERRY CO. LTD"},"image":{"@id":"https:\/\/georgeandjerrycm.com\/fr\/#\/schema\/logo\/image\/"},"sameAs":["https:\/\/web.facebook.com\/georgejerrycm","https:\/\/www.linkedin.com\/company\/george-jerry-construction-company-ltd\/"]}]}},"_links":{"self":[{"href":"https:\/\/georgeandjerrycm.com\/fr\/wp-json\/wp\/v2\/pages\/76001","targetHints":{"allow":["GET"]}}],"collection":[{"href":"https:\/\/georgeandjerrycm.com\/fr\/wp-json\/wp\/v2\/pages"}],"about":[{"href":"https:\/\/georgeandjerrycm.com\/fr\/wp-json\/wp\/v2\/types\/page"}],"author":[{"embeddable":true,"href":"https:\/\/georgeandjerrycm.com\/fr\/wp-json\/wp\/v2\/users\/1"}],"replies":[{"embeddable":true,"href":"https:\/\/georgeandjerrycm.com\/fr\/wp-json\/wp\/v2\/comments?post=76001"}],"version-history":[{"count":41,"href":"https:\/\/georgeandjerrycm.com\/fr\/wp-json\/wp\/v2\/pages\/76001\/revisions"}],"predecessor-version":[{"id":76338,"href":"https:\/\/georgeandjerrycm.com\/fr\/wp-json\/wp\/v2\/pages\/76001\/revisions\/76338"}],"up":[{"embeddable":true,"href":"https:\/\/georgeandjerrycm.com\/fr\/wp-json\/wp\/v2\/pages\/74231"}],"wp:attachment":[{"href":"https:\/\/georgeandjerrycm.com\/fr\/wp-json\/wp\/v2\/media?parent=76001"}],"curies":[{"name":"wp","href":"https:\/\/api.w.org\/{rel}","templated":true}]}}