{"id":76022,"date":"2022-07-11T18:51:09","date_gmt":"2022-07-11T17:51:09","guid":{"rendered":"https:\/\/georgeandjerrycm.com\/fr\/?page_id=76022"},"modified":"2022-08-28T17:17:49","modified_gmt":"2022-08-28T16:17:49","slug":"location-de-materiel-et-fourniture-de-materiaux","status":"publish","type":"page","link":"https:\/\/georgeandjerrycm.com\/fr\/nos-services\/location-de-materiel-et-fourniture-de-materiaux\/","title":{"rendered":"Location de Mat\u00e9riel et Fourniture de Mat\u00e9riaux"},"content":{"rendered":"\t\t<div data-elementor-type=\"wp-page\" data-elementor-id=\"76022\" class=\"elementor elementor-76022\">\n\t\t\t\t\t\t<section class=\"elementor-section elementor-top-section elementor-element elementor-element-63fe5131 elementor-section-stretched elementor-section-boxed elementor-section-height-default elementor-section-height-default\" data-id=\"63fe5131\" data-element_type=\"section\" data-e-type=\"section\" data-settings=\"{&quot;stretch_section&quot;:&quot;section-stretched&quot;,&quot;background_background&quot;:&quot;classic&quot;}\">\n\t\t\t\t\t\t<div class=\"elementor-container elementor-column-gap-default\">\n\t\t\t\t\t<div class=\"elementor-column elementor-col-100 elementor-top-column elementor-element elementor-element-278141dd\" data-id=\"278141dd\" data-element_type=\"column\" data-e-type=\"column\" data-settings=\"{&quot;background_background&quot;:&quot;classic&quot;}\">\n\t\t\t<div class=\"elementor-widget-wrap elementor-element-populated\">\n\t\t\t\t\t\t<div class=\"elementor-element elementor-element-29f7e8ed elementor-widget elementor-widget-menu-anchor\" data-id=\"29f7e8ed\" data-element_type=\"widget\" data-e-type=\"widget\" data-widget_type=\"menu-anchor.default\">\n\t\t\t\t<div class=\"elementor-widget-container\">\n\t\t\t\t\t\t\t<div class=\"elementor-menu-anchor\" id=\"hiringequipmentandsuppliesofaggregates\"><\/div>\n\t\t\t\t\t\t<\/div>\n\t\t\t\t<\/div>\n\t\t\t\t<div class=\"elementor-element elementor-element-61da2aa7 elementor-widget elementor-widget-heading\" data-id=\"61da2aa7\" data-element_type=\"widget\" data-e-type=\"widget\" data-widget_type=\"heading.default\">\n\t\t\t\t<div class=\"elementor-widget-container\">\n\t\t\t\t\t<h2 class=\"elementor-heading-title elementor-size-default\"><a href=\"#hiringequipmentandsuppliesofaggregates\">Location de Mat\u00e9riel et Fourniture de Mat\u00e9riaux<\/a><\/h2>\t\t\t\t<\/div>\n\t\t\t\t<\/div>\n\t\t\t\t<div class=\"elementor-element elementor-element-1ef1d1aa elementor-widget elementor-widget-text-editor\" data-id=\"1ef1d1aa\" data-element_type=\"widget\" data-e-type=\"widget\" data-widget_type=\"text-editor.default\">\n\t\t\t\t<div class=\"elementor-widget-container\">\n\t\t\t\t\t\t\t\t\t<p>\u00c9tant l&rsquo;un des bastions du Cameroun dans le secteur de la construction, nous poss\u00e9dons une large gamme d&rsquo;\u00e9quipements et de mat\u00e9riaux de construction pour r\u00e9pondre aux besoins de nos clients et des autres entreprises de construction. Nous avons une excellence de longue date dans la conception, la mise en \u0153uvre et la gestion de solutions de cha\u00eene d&rsquo;approvisionnement pour la construction et d&rsquo;autres secteurs connexes. Nos fournitures vont des mat\u00e9riaux (ciment, tiges, carreaux, t\u00f4le, sable, gravier, pierre concass\u00e9e, laitier, b\u00e9ton recycl\u00e9, etc.), des \u00e9quipements de construction (camions articul\u00e9s, compacteurs, excavatrices, niveleuses, etc.), des camions et des grues.<\/p><p>Nous vous invitons \u00e0 rejoindre le groupe mondial de clients satisfaits et fid\u00e8les. Nous nous effor\u00e7ons de r\u00e9pondre aux besoins de nos clients en leur fournissant des mat\u00e9riaux et des \u00e9quipements qui r\u00e9pondront \u00e0 leurs moindres besoins.<\/p>\t\t\t\t\t\t\t\t<\/div>\n\t\t\t\t<\/div>\n\t\t\t\t<div class=\"elementor-element elementor-element-73df897e elementor-align-center elementor-widget elementor-widget-button\" data-id=\"73df897e\" data-element_type=\"widget\" data-e-type=\"widget\" data-widget_type=\"button.default\">\n\t\t\t\t<div class=\"elementor-widget-container\">\n\t\t\t\t\t\t\t\t\t<div class=\"elementor-button-wrapper\">\n\t\t\t\t\t<a class=\"elementor-button elementor-button-link elementor-size-lg elementor-animation-shrink\" href=\"https:\/\/georgeandjerrycm.com\/fr\/nous-contacter\/\">\n\t\t\t\t\t\t<span class=\"elementor-button-content-wrapper\">\n\t\t\t\t\t\t\t\t\t<span class=\"elementor-button-text\">NOUS CONTACTER<\/span>\n\t\t\t\t\t<\/span>\n\t\t\t\t\t<\/a>\n\t\t\t\t<\/div>\n\t\t\t\t\t\t\t\t<\/div>\n\t\t\t\t<\/div>\n\t\t\t\t\t<\/div>\n\t\t<\/div>\n\t\t\t\t\t<\/div>\n\t\t<\/section>\n\t\t\t\t<section class=\"elementor-section elementor-top-section elementor-element elementor-element-51a0f3a elementor-section-stretched elementor-section-boxed elementor-section-height-default elementor-section-height-default\" data-id=\"51a0f3a\" data-element_type=\"section\" data-e-type=\"section\" data-settings=\"{&quot;stretch_section&quot;:&quot;section-stretched&quot;,&quot;background_background&quot;:&quot;classic&quot;}\">\n\t\t\t\t\t\t<div class=\"elementor-container elementor-column-gap-default\">\n\t\t\t\t\t<div class=\"elementor-column elementor-col-100 elementor-top-column elementor-element elementor-element-ae9be95\" data-id=\"ae9be95\" data-element_type=\"column\" data-e-type=\"column\">\n\t\t\t<div class=\"elementor-widget-wrap elementor-element-populated\">\n\t\t\t\t\t\t<div class=\"elementor-element elementor-element-bae7a68 elementor-arrows-position-inside elementor-pagination-position-outside elementor-widget elementor-widget-image-carousel\" data-id=\"bae7a68\" data-element_type=\"widget\" data-e-type=\"widget\" data-settings=\"{&quot;slides_to_show&quot;:&quot;1&quot;,&quot;navigation&quot;:&quot;both&quot;,&quot;autoplay&quot;:&quot;yes&quot;,&quot;pause_on_hover&quot;:&quot;yes&quot;,&quot;pause_on_interaction&quot;:&quot;yes&quot;,&quot;autoplay_speed&quot;:5000,&quot;infinite&quot;:&quot;yes&quot;,&quot;effect&quot;:&quot;slide&quot;,&quot;speed&quot;:500}\" data-widget_type=\"image-carousel.default\">\n\t\t\t\t<div class=\"elementor-widget-container\">\n\t\t\t\t\t\t\t<div class=\"elementor-image-carousel-wrapper swiper\" role=\"region\" aria-roledescription=\"carousel\" aria-label=\"Carrousel d\u2019images\" dir=\"ltr\">\n\t\t\t<div class=\"elementor-image-carousel swiper-wrapper\" aria-live=\"off\">\n\t\t\t\t\t\t\t\t<div class=\"swiper-slide\" role=\"group\" aria-roledescription=\"slide\" aria-label=\"1 sur 12\"><figure class=\"swiper-slide-inner\"><img decoding=\"async\" class=\"swiper-slide-image\" src=\"https:\/\/georgeandjerrycm.com\/fr\/wp-content\/uploads\/2019\/11\/caterpillar-1170x600.png\" alt=\"caterpillar\" \/><\/figure><\/div><div class=\"swiper-slide\" role=\"group\" aria-roledescription=\"slide\" aria-label=\"2 sur 12\"><figure class=\"swiper-slide-inner\"><img decoding=\"async\" class=\"swiper-slide-image\" src=\"https:\/\/georgeandjerrycm.com\/fr\/wp-content\/uploads\/2022\/07\/20220708_131145-1170x600.jpg\" alt=\"20220708_131145\" \/><\/figure><\/div><div class=\"swiper-slide\" role=\"group\" aria-roledescription=\"slide\" aria-label=\"3 sur 12\"><figure class=\"swiper-slide-inner\"><img decoding=\"async\" class=\"swiper-slide-image\" src=\"https:\/\/georgeandjerrycm.com\/fr\/wp-content\/uploads\/2022\/07\/20220708_111022-1170x600.jpg\" alt=\"20220708_111022\" \/><\/figure><\/div><div class=\"swiper-slide\" role=\"group\" aria-roledescription=\"slide\" aria-label=\"4 sur 12\"><figure class=\"swiper-slide-inner\"><img decoding=\"async\" class=\"swiper-slide-image\" src=\"https:\/\/georgeandjerrycm.com\/fr\/wp-content\/uploads\/2022\/07\/20220708_123235-1170x600.jpg\" alt=\"20220708_123235\" \/><\/figure><\/div><div class=\"swiper-slide\" role=\"group\" aria-roledescription=\"slide\" aria-label=\"5 sur 12\"><figure class=\"swiper-slide-inner\"><img decoding=\"async\" class=\"swiper-slide-image\" src=\"https:\/\/georgeandjerrycm.com\/fr\/wp-content\/uploads\/2019\/11\/agregat-1170x600.jpg\" alt=\"agregate\" \/><\/figure><\/div><div class=\"swiper-slide\" role=\"group\" aria-roledescription=\"slide\" aria-label=\"6 sur 12\"><figure class=\"swiper-slide-inner\"><img decoding=\"async\" class=\"swiper-slide-image\" src=\"https:\/\/georgeandjerrycm.com\/fr\/wp-content\/uploads\/2019\/11\/drainage-pipe-1170x600.jpg\" alt=\"drainage-pipe\" \/><\/figure><\/div><div class=\"swiper-slide\" role=\"group\" aria-roledescription=\"slide\" aria-label=\"7 sur 12\"><figure class=\"swiper-slide-inner\"><img decoding=\"async\" class=\"swiper-slide-image\" src=\"https:\/\/georgeandjerrycm.com\/fr\/wp-content\/uploads\/2022\/07\/SAM_0189-scaled-1170x600.jpg\" alt=\"SAM_0189\" \/><\/figure><\/div><div class=\"swiper-slide\" role=\"group\" aria-roledescription=\"slide\" aria-label=\"8 sur 12\"><figure class=\"swiper-slide-inner\"><img decoding=\"async\" class=\"swiper-slide-image\" src=\"https:\/\/georgeandjerrycm.com\/fr\/wp-content\/uploads\/2022\/07\/SAM_0058-1170x600.jpg\" alt=\"SAM_0058\" \/><\/figure><\/div><div class=\"swiper-slide\" role=\"group\" aria-roledescription=\"slide\" aria-label=\"9 sur 12\"><figure class=\"swiper-slide-inner\"><img decoding=\"async\" class=\"swiper-slide-image\" src=\"https:\/\/georgeandjerrycm.com\/fr\/wp-content\/uploads\/2022\/07\/SAM_0047-scaled-1170x600.jpg\" alt=\"SAM_0047\" \/><\/figure><\/div><div class=\"swiper-slide\" role=\"group\" aria-roledescription=\"slide\" aria-label=\"10 sur 12\"><figure class=\"swiper-slide-inner\"><img decoding=\"async\" class=\"swiper-slide-image\" src=\"https:\/\/georgeandjerrycm.com\/fr\/wp-content\/uploads\/2022\/07\/20220708_123516-1170x600.jpg\" alt=\"20220708_123516\" \/><\/figure><\/div><div class=\"swiper-slide\" role=\"group\" aria-roledescription=\"slide\" aria-label=\"11 sur 12\"><figure class=\"swiper-slide-inner\"><img decoding=\"async\" class=\"swiper-slide-image\" src=\"https:\/\/georgeandjerrycm.com\/fr\/wp-content\/uploads\/2022\/07\/20220708_122832-1170x600.jpg\" alt=\"20220708_122832\" \/><\/figure><\/div><div class=\"swiper-slide\" role=\"group\" aria-roledescription=\"slide\" aria-label=\"12 sur 12\"><figure class=\"swiper-slide-inner\"><img decoding=\"async\" class=\"swiper-slide-image\" src=\"https:\/\/georgeandjerrycm.com\/fr\/wp-content\/uploads\/2022\/07\/20220708_111344-1170x600.jpg\" alt=\"20220708_111344\" \/><\/figure><\/div>\t\t\t<\/div>\n\t\t\t\t\t\t\t\t\t\t\t\t<div class=\"elementor-swiper-button elementor-swiper-button-prev\" role=\"button\" tabindex=\"0\">\n\t\t\t\t\t\t<i aria-hidden=\"true\" class=\"eicon-chevron-left\"><\/i>\t\t\t\t\t<\/div>\n\t\t\t\t\t<div class=\"elementor-swiper-button elementor-swiper-button-next\" role=\"button\" tabindex=\"0\">\n\t\t\t\t\t\t<i aria-hidden=\"true\" class=\"eicon-chevron-right\"><\/i>\t\t\t\t\t<\/div>\n\t\t\t\t\n\t\t\t\t\t\t\t\t\t<div class=\"swiper-pagination\"><\/div>\n\t\t\t\t\t\t\t\t\t<\/div>\n\t\t\t\t\t\t<\/div>\n\t\t\t\t<\/div>\n\t\t\t\t\t<\/div>\n\t\t<\/div>\n\t\t\t\t\t<\/div>\n\t\t<\/section>\n\t\t\t\t<\/div>\n\t\t","protected":false},"excerpt":{"rendered":"<p>Location de Mat\u00e9riel et Fourniture de Mat\u00e9riaux \u00c9tant l&rsquo;un des bastions du Cameroun dans le secteur de la construction, nous poss\u00e9dons une large gamme d&rsquo;\u00e9quipements et de mat\u00e9riaux de construction pour r\u00e9pondre aux besoins de nos clients et des autres entreprises de construction. Nous avons une excellence de longue date dans la conception, la mise [&hellip;]<\/p>\n","protected":false},"author":1,"featured_media":0,"parent":74231,"menu_order":0,"comment_status":"closed","ping_status":"closed","template":"","meta":{"rs_blank_template":"","rs_page_bg_color":"","slide_template_v7":"","footnotes":""},"class_list":["post-76022","page","type-page","status-publish","hentry"],"yoast_head":"<!-- This site is optimized with the Yoast SEO plugin v27.5 - https:\/\/yoast.com\/product\/yoast-seo-wordpress\/ -->\n<title>Location de Mat\u00e9riel et Fourniture de Mat\u00e9riaux - GEORGE and JERRY CO. LTD<\/title>\n<meta name=\"robots\" content=\"index, follow, max-snippet:-1, max-image-preview:large, max-video-preview:-1\" \/>\n<link rel=\"canonical\" href=\"https:\/\/georgeandjerrycm.com\/fr\/nos-services\/location-de-materiel-et-fourniture-de-materiaux\/\" \/>\n<meta property=\"og:locale\" content=\"fr_FR\" \/>\n<meta property=\"og:type\" content=\"article\" \/>\n<meta property=\"og:title\" content=\"Location de Mat\u00e9riel et Fourniture de Mat\u00e9riaux - GEORGE and JERRY CO. LTD\" \/>\n<meta property=\"og:description\" content=\"Location de Mat\u00e9riel et Fourniture de Mat\u00e9riaux \u00c9tant l&rsquo;un des bastions du Cameroun dans le secteur de la construction, nous poss\u00e9dons une large gamme d&rsquo;\u00e9quipements et de mat\u00e9riaux de construction pour r\u00e9pondre aux besoins de nos clients et des autres entreprises de construction. Nous avons une excellence de longue date dans la conception, la mise [&hellip;]\" \/>\n<meta property=\"og:url\" content=\"https:\/\/georgeandjerrycm.com\/fr\/nos-services\/location-de-materiel-et-fourniture-de-materiaux\/\" \/>\n<meta property=\"og:site_name\" content=\"GEORGE and JERRY CO. LTD\" \/>\n<meta property=\"article:publisher\" content=\"https:\/\/web.facebook.com\/georgejerrycm\" \/>\n<meta property=\"article:modified_time\" content=\"2022-08-28T16:17:49+00:00\" \/>\n<meta property=\"og:image\" content=\"https:\/\/georgeandjerrycm.com\/fr\/wp-content\/uploads\/2019\/11\/caterpillar-1170x600.png\" \/>\n<meta name=\"twitter:card\" content=\"summary_large_image\" \/>\n<meta name=\"twitter:label1\" content=\"Dur\u00e9e de lecture estim\u00e9e\" \/>\n\t<meta name=\"twitter:data1\" content=\"4 minutes\" \/>\n<script type=\"application\/ld+json\" class=\"yoast-schema-graph\">{\"@context\":\"https:\\\/\\\/schema.org\",\"@graph\":[{\"@type\":\"WebPage\",\"@id\":\"https:\\\/\\\/georgeandjerrycm.com\\\/fr\\\/nos-services\\\/location-de-materiel-et-fourniture-de-materiaux\\\/\",\"url\":\"https:\\\/\\\/georgeandjerrycm.com\\\/fr\\\/nos-services\\\/location-de-materiel-et-fourniture-de-materiaux\\\/\",\"name\":\"Location de Mat\u00e9riel et Fourniture de Mat\u00e9riaux - GEORGE and JERRY CO. LTD\",\"isPartOf\":{\"@id\":\"https:\\\/\\\/georgeandjerrycm.com\\\/fr\\\/#website\"},\"primaryImageOfPage\":{\"@id\":\"https:\\\/\\\/georgeandjerrycm.com\\\/fr\\\/nos-services\\\/location-de-materiel-et-fourniture-de-materiaux\\\/#primaryimage\"},\"image\":{\"@id\":\"https:\\\/\\\/georgeandjerrycm.com\\\/fr\\\/nos-services\\\/location-de-materiel-et-fourniture-de-materiaux\\\/#primaryimage\"},\"thumbnailUrl\":\"https:\\\/\\\/georgeandjerrycm.com\\\/fr\\\/wp-content\\\/uploads\\\/2019\\\/11\\\/caterpillar-1170x600.png\",\"datePublished\":\"2022-07-11T17:51:09+00:00\",\"dateModified\":\"2022-08-28T16:17:49+00:00\",\"breadcrumb\":{\"@id\":\"https:\\\/\\\/georgeandjerrycm.com\\\/fr\\\/nos-services\\\/location-de-materiel-et-fourniture-de-materiaux\\\/#breadcrumb\"},\"inLanguage\":\"fr-FR\",\"potentialAction\":[{\"@type\":\"ReadAction\",\"target\":[\"https:\\\/\\\/georgeandjerrycm.com\\\/fr\\\/nos-services\\\/location-de-materiel-et-fourniture-de-materiaux\\\/\"]}]},{\"@type\":\"ImageObject\",\"inLanguage\":\"fr-FR\",\"@id\":\"https:\\\/\\\/georgeandjerrycm.com\\\/fr\\\/nos-services\\\/location-de-materiel-et-fourniture-de-materiaux\\\/#primaryimage\",\"url\":\"https:\\\/\\\/georgeandjerrycm.com\\\/fr\\\/wp-content\\\/uploads\\\/2019\\\/11\\\/caterpillar-1170x600.png\",\"contentUrl\":\"https:\\\/\\\/georgeandjerrycm.com\\\/fr\\\/wp-content\\\/uploads\\\/2019\\\/11\\\/caterpillar-1170x600.png\"},{\"@type\":\"BreadcrumbList\",\"@id\":\"https:\\\/\\\/georgeandjerrycm.com\\\/fr\\\/nos-services\\\/location-de-materiel-et-fourniture-de-materiaux\\\/#breadcrumb\",\"itemListElement\":[{\"@type\":\"ListItem\",\"position\":1,\"name\":\"ACCUEIL\",\"item\":\"https:\\\/\\\/georgeandjerrycm.com\\\/fr\\\/\"},{\"@type\":\"ListItem\",\"position\":2,\"name\":\"Nos Services\",\"item\":\"https:\\\/\\\/georgeandjerrycm.com\\\/fr\\\/nos-services\\\/\"},{\"@type\":\"ListItem\",\"position\":3,\"name\":\"Location de Mat\u00e9riel et Fourniture de Mat\u00e9riaux\"}]},{\"@type\":\"WebSite\",\"@id\":\"https:\\\/\\\/georgeandjerrycm.com\\\/fr\\\/#website\",\"url\":\"https:\\\/\\\/georgeandjerrycm.com\\\/fr\\\/\",\"name\":\"GEORGE and JERRY CO. LTD\",\"description\":\"Pour la qualit\u00e9 de vos travaux de construction...\",\"publisher\":{\"@id\":\"https:\\\/\\\/georgeandjerrycm.com\\\/fr\\\/#organization\"},\"potentialAction\":[{\"@type\":\"SearchAction\",\"target\":{\"@type\":\"EntryPoint\",\"urlTemplate\":\"https:\\\/\\\/georgeandjerrycm.com\\\/fr\\\/?s={search_term_string}\"},\"query-input\":{\"@type\":\"PropertyValueSpecification\",\"valueRequired\":true,\"valueName\":\"search_term_string\"}}],\"inLanguage\":\"fr-FR\"},{\"@type\":\"Organization\",\"@id\":\"https:\\\/\\\/georgeandjerrycm.com\\\/fr\\\/#organization\",\"name\":\"GEORGE and JERRY CO. LTD\",\"url\":\"https:\\\/\\\/georgeandjerrycm.com\\\/fr\\\/\",\"logo\":{\"@type\":\"ImageObject\",\"inLanguage\":\"fr-FR\",\"@id\":\"https:\\\/\\\/georgeandjerrycm.com\\\/fr\\\/#\\\/schema\\\/logo\\\/image\\\/\",\"url\":\"https:\\\/\\\/georgeandjerrycm.com\\\/fr\\\/wp-content\\\/uploads\\\/2019\\\/11\\\/LOGO-GJ-TRANSPARENT-BG-e1574417641761.png\",\"contentUrl\":\"https:\\\/\\\/georgeandjerrycm.com\\\/fr\\\/wp-content\\\/uploads\\\/2019\\\/11\\\/LOGO-GJ-TRANSPARENT-BG-e1574417641761.png\",\"width\":300,\"height\":169,\"caption\":\"GEORGE and JERRY CO. LTD\"},\"image\":{\"@id\":\"https:\\\/\\\/georgeandjerrycm.com\\\/fr\\\/#\\\/schema\\\/logo\\\/image\\\/\"},\"sameAs\":[\"https:\\\/\\\/web.facebook.com\\\/georgejerrycm\",\"https:\\\/\\\/www.linkedin.com\\\/company\\\/george-jerry-construction-company-ltd\\\/\"]}]}<\/script>\n<!-- \/ Yoast SEO plugin. -->","yoast_head_json":{"title":"Location de Mat\u00e9riel et Fourniture de Mat\u00e9riaux - GEORGE and JERRY CO. LTD","robots":{"index":"index","follow":"follow","max-snippet":"max-snippet:-1","max-image-preview":"max-image-preview:large","max-video-preview":"max-video-preview:-1"},"canonical":"https:\/\/georgeandjerrycm.com\/fr\/nos-services\/location-de-materiel-et-fourniture-de-materiaux\/","og_locale":"fr_FR","og_type":"article","og_title":"Location de Mat\u00e9riel et Fourniture de Mat\u00e9riaux - GEORGE and JERRY CO. LTD","og_description":"Location de Mat\u00e9riel et Fourniture de Mat\u00e9riaux \u00c9tant l&rsquo;un des bastions du Cameroun dans le secteur de la construction, nous poss\u00e9dons une large gamme d&rsquo;\u00e9quipements et de mat\u00e9riaux de construction pour r\u00e9pondre aux besoins de nos clients et des autres entreprises de construction. Nous avons une excellence de longue date dans la conception, la mise [&hellip;]","og_url":"https:\/\/georgeandjerrycm.com\/fr\/nos-services\/location-de-materiel-et-fourniture-de-materiaux\/","og_site_name":"GEORGE and JERRY CO. LTD","article_publisher":"https:\/\/web.facebook.com\/georgejerrycm","article_modified_time":"2022-08-28T16:17:49+00:00","og_image":[{"url":"https:\/\/georgeandjerrycm.com\/fr\/wp-content\/uploads\/2019\/11\/caterpillar-1170x600.png","type":"","width":"","height":""}],"twitter_card":"summary_large_image","twitter_misc":{"Dur\u00e9e de lecture estim\u00e9e":"4 minutes"},"schema":{"@context":"https:\/\/schema.org","@graph":[{"@type":"WebPage","@id":"https:\/\/georgeandjerrycm.com\/fr\/nos-services\/location-de-materiel-et-fourniture-de-materiaux\/","url":"https:\/\/georgeandjerrycm.com\/fr\/nos-services\/location-de-materiel-et-fourniture-de-materiaux\/","name":"Location de Mat\u00e9riel et Fourniture de Mat\u00e9riaux - GEORGE and JERRY CO. LTD","isPartOf":{"@id":"https:\/\/georgeandjerrycm.com\/fr\/#website"},"primaryImageOfPage":{"@id":"https:\/\/georgeandjerrycm.com\/fr\/nos-services\/location-de-materiel-et-fourniture-de-materiaux\/#primaryimage"},"image":{"@id":"https:\/\/georgeandjerrycm.com\/fr\/nos-services\/location-de-materiel-et-fourniture-de-materiaux\/#primaryimage"},"thumbnailUrl":"https:\/\/georgeandjerrycm.com\/fr\/wp-content\/uploads\/2019\/11\/caterpillar-1170x600.png","datePublished":"2022-07-11T17:51:09+00:00","dateModified":"2022-08-28T16:17:49+00:00","breadcrumb":{"@id":"https:\/\/georgeandjerrycm.com\/fr\/nos-services\/location-de-materiel-et-fourniture-de-materiaux\/#breadcrumb"},"inLanguage":"fr-FR","potentialAction":[{"@type":"ReadAction","target":["https:\/\/georgeandjerrycm.com\/fr\/nos-services\/location-de-materiel-et-fourniture-de-materiaux\/"]}]},{"@type":"ImageObject","inLanguage":"fr-FR","@id":"https:\/\/georgeandjerrycm.com\/fr\/nos-services\/location-de-materiel-et-fourniture-de-materiaux\/#primaryimage","url":"https:\/\/georgeandjerrycm.com\/fr\/wp-content\/uploads\/2019\/11\/caterpillar-1170x600.png","contentUrl":"https:\/\/georgeandjerrycm.com\/fr\/wp-content\/uploads\/2019\/11\/caterpillar-1170x600.png"},{"@type":"BreadcrumbList","@id":"https:\/\/georgeandjerrycm.com\/fr\/nos-services\/location-de-materiel-et-fourniture-de-materiaux\/#breadcrumb","itemListElement":[{"@type":"ListItem","position":1,"name":"ACCUEIL","item":"https:\/\/georgeandjerrycm.com\/fr\/"},{"@type":"ListItem","position":2,"name":"Nos Services","item":"https:\/\/georgeandjerrycm.com\/fr\/nos-services\/"},{"@type":"ListItem","position":3,"name":"Location de Mat\u00e9riel et Fourniture de Mat\u00e9riaux"}]},{"@type":"WebSite","@id":"https:\/\/georgeandjerrycm.com\/fr\/#website","url":"https:\/\/georgeandjerrycm.com\/fr\/","name":"GEORGE and JERRY CO. LTD","description":"Pour la qualit\u00e9 de vos travaux de construction...","publisher":{"@id":"https:\/\/georgeandjerrycm.com\/fr\/#organization"},"potentialAction":[{"@type":"SearchAction","target":{"@type":"EntryPoint","urlTemplate":"https:\/\/georgeandjerrycm.com\/fr\/?s={search_term_string}"},"query-input":{"@type":"PropertyValueSpecification","valueRequired":true,"valueName":"search_term_string"}}],"inLanguage":"fr-FR"},{"@type":"Organization","@id":"https:\/\/georgeandjerrycm.com\/fr\/#organization","name":"GEORGE and JERRY CO. LTD","url":"https:\/\/georgeandjerrycm.com\/fr\/","logo":{"@type":"ImageObject","inLanguage":"fr-FR","@id":"https:\/\/georgeandjerrycm.com\/fr\/#\/schema\/logo\/image\/","url":"https:\/\/georgeandjerrycm.com\/fr\/wp-content\/uploads\/2019\/11\/LOGO-GJ-TRANSPARENT-BG-e1574417641761.png","contentUrl":"https:\/\/georgeandjerrycm.com\/fr\/wp-content\/uploads\/2019\/11\/LOGO-GJ-TRANSPARENT-BG-e1574417641761.png","width":300,"height":169,"caption":"GEORGE and JERRY CO. LTD"},"image":{"@id":"https:\/\/georgeandjerrycm.com\/fr\/#\/schema\/logo\/image\/"},"sameAs":["https:\/\/web.facebook.com\/georgejerrycm","https:\/\/www.linkedin.com\/company\/george-jerry-construction-company-ltd\/"]}]}},"_links":{"self":[{"href":"https:\/\/georgeandjerrycm.com\/fr\/wp-json\/wp\/v2\/pages\/76022","targetHints":{"allow":["GET"]}}],"collection":[{"href":"https:\/\/georgeandjerrycm.com\/fr\/wp-json\/wp\/v2\/pages"}],"about":[{"href":"https:\/\/georgeandjerrycm.com\/fr\/wp-json\/wp\/v2\/types\/page"}],"author":[{"embeddable":true,"href":"https:\/\/georgeandjerrycm.com\/fr\/wp-json\/wp\/v2\/users\/1"}],"replies":[{"embeddable":true,"href":"https:\/\/georgeandjerrycm.com\/fr\/wp-json\/wp\/v2\/comments?post=76022"}],"version-history":[{"count":39,"href":"https:\/\/georgeandjerrycm.com\/fr\/wp-json\/wp\/v2\/pages\/76022\/revisions"}],"predecessor-version":[{"id":76347,"href":"https:\/\/georgeandjerrycm.com\/fr\/wp-json\/wp\/v2\/pages\/76022\/revisions\/76347"}],"up":[{"embeddable":true,"href":"https:\/\/georgeandjerrycm.com\/fr\/wp-json\/wp\/v2\/pages\/74231"}],"wp:attachment":[{"href":"https:\/\/georgeandjerrycm.com\/fr\/wp-json\/wp\/v2\/media?parent=76022"}],"curies":[{"name":"wp","href":"https:\/\/api.w.org\/{rel}","templated":true}]}}